{"id":3674,"date":"2025-08-16T10:14:21","date_gmt":"2025-08-16T10:14:21","guid":{"rendered":"https:\/\/modextrem.com\/politique-de-confidentialite-privacy-policy-mod-extrem\/"},"modified":"2026-02-18T22:06:30","modified_gmt":"2026-02-18T22:06:30","slug":"politique-de-confidentialite-privacy-policy-mod-extrem","status":"publish","type":"page","link":"https:\/\/modextrem.com\/fr\/politique-de-confidentialite-privacy-policy-mod-extrem\/","title":{"rendered":"Politique de confidentialit\u00e9 (Privacy Policy) \u2013 Mod Extrem"},"content":{"rendered":"\t\t<div data-elementor-type=\"wp-page\" data-elementor-id=\"3674\" class=\"elementor elementor-3674 elementor-2022\" data-elementor-post-type=\"page\">\n\t\t\t\t<div class=\"elementor-element elementor-element-2f5dbc4 e-flex e-con-boxed wpr-particle-no wpr-parallax-no wpr-sticky-section-no wpr-equal-height-no e-con e-parent\" data-id=\"2f5dbc4\" data-element_type=\"container\" data-e-type=\"container\" data-settings=\"{&quot;background_background&quot;:&quot;classic&quot;}\">\n\t\t\t\t\t<div class=\"e-con-inner\">\n\t\t<div class=\"elementor-element elementor-element-935d3b7 e-con-full e-flex wpr-particle-no wpr-parallax-no wpr-sticky-section-no wpr-equal-height-no e-con e-child\" data-id=\"935d3b7\" data-element_type=\"container\" data-e-type=\"container\">\n\t\t\t\t<div class=\"elementor-element elementor-element-17ff0b5 elementor-widget elementor-widget-heading\" data-id=\"17ff0b5\" data-element_type=\"widget\" data-e-type=\"widget\" data-widget_type=\"heading.default\">\n\t\t\t\t<div class=\"elementor-widget-container\">\n\t\t\t\t\t<h1 class=\"elementor-heading-title elementor-size-default\">Politique de confidentialit\u00e9 (Privacy Policy) \u2013 Mod Extrem<\/h1>\t\t\t\t<\/div>\n\t\t\t\t<\/div>\n\t\t\t\t<div class=\"elementor-element elementor-element-9cf2d43 wpr-button-icon-style-inline wpr-button-icon-position-right elementor-widget elementor-widget-wpr-button\" data-id=\"9cf2d43\" data-element_type=\"widget\" data-e-type=\"widget\" data-widget_type=\"wpr-button.default\">\n\t\t\t\t<div class=\"elementor-widget-container\">\n\t\t\t\t\t\t\n\t\t\t\n\t\t\n\t\t<div class=\"wpr-button-wrap elementor-clearfix\">\n\t\t<a class=\"wpr-button wpr-button-effect wpr-button-none\" data-text=\"\" href=\"https:\/\/modextrem.com\/\">\n\t\t\t\n\t\t\t<span class=\"wpr-button-content\">\n\t\t\t\t\t\t\t\t\t<span class=\"wpr-button-text\">Accueil<\/span>\n\t\t\t\t\t\t\t\t\n\t\t\t\t\t\t\t\t\t<span class=\"wpr-button-icon\"><svg class=\"e-font-icon-svg e-fas-angle-right\" viewBox=\"0 0 256 512\" xmlns=\"http:\/\/www.w3.org\/2000\/svg\"><path d=\"M224.3 273l-136 136c-9.4 9.4-24.6 9.4-33.9 0l-22.6-22.6c-9.4-9.4-9.4-24.6 0-33.9l96.4-96.4-96.4-96.4c-9.4-9.4-9.4-24.6 0-33.9L54.3 103c9.4-9.4 24.6-9.4 33.9 0l136 136c9.5 9.4 9.5 24.6.1 34z\"><\/path><\/svg><\/span>\n\t\t\t\t\t\t\t<\/span>\n\t\t<\/a>\n\n\t\t\t\t<\/div>\n\t\n\t\n\t\t\t\t\t<\/div>\n\t\t\t\t<\/div>\n\t\t\t\t<\/div>\n\t\t\t\t\t<\/div>\n\t\t\t\t<\/div>\n\t\t<div class=\"elementor-element elementor-element-531190f e-flex e-con-boxed wpr-particle-no wpr-parallax-no wpr-sticky-section-no wpr-equal-height-no e-con e-parent\" data-id=\"531190f\" data-element_type=\"container\" data-e-type=\"container\">\n\t\t\t\t\t<div class=\"e-con-inner\">\n\t\t\t\t<div class=\"elementor-element elementor-element-a7caf4e elementor-widget elementor-widget-text-editor\" data-id=\"a7caf4e\" data-element_type=\"widget\" data-e-type=\"widget\" data-widget_type=\"text-editor.default\">\n\t\t\t\t<div class=\"elementor-widget-container\">\n\t\t\t\t\t\t\t\t\t<p data-start=\"335\" data-end=\"480\"><strong data-start=\"335\" data-end=\"344\">Objectif :<\/strong> D\u00e9crit comment les donn\u00e9es personnelles collect\u00e9es via le site web et les services de Mod Extrem sont collect\u00e9es, utilis\u00e9es et prot\u00e9g\u00e9es.<\/p>\n<p data-start=\"482\" data-end=\"519\"><strong data-start=\"482\" data-end=\"517\">1. Collecte des donn\u00e9es personnelles<\/strong><\/p>\n<ul data-start=\"520\" data-end=\"714\">\n<li data-start=\"520\" data-end=\"576\">\n<p data-start=\"522\" data-end=\"576\">Informations de contact telles que le nom, le pr\u00e9nom, l\u2019e-mail et le t\u00e9l\u00e9phone.<\/p>\n<\/li>\n<li data-start=\"577\" data-end=\"638\">\n<p data-start=\"579\" data-end=\"638\">Informations fournies lors de la r\u00e9servation ou de l\u2019achat de billets.<\/p>\n<\/li>\n<li data-start=\"639\" data-end=\"714\">\n<p data-start=\"641\" data-end=\"714\">Donn\u00e9es d\u2019utilisation du site web (cookies, adresse IP, informations sur le navigateur).<\/p>\n<\/li>\n<\/ul>\n<p data-start=\"716\" data-end=\"752\"><strong data-start=\"716\" data-end=\"750\">2. Utilisation des donn\u00e9es personnelles<\/strong><\/p>\n<ul data-start=\"753\" data-end=\"1000\">\n<li data-start=\"753\" data-end=\"810\">\n<p data-start=\"755\" data-end=\"810\">R\u00e9alisation des processus de r\u00e9servation et de billetterie.<\/p>\n<\/li>\n<li data-start=\"811\" data-end=\"877\">\n<p data-start=\"813\" data-end=\"877\">R\u00e9ponse aux demandes des clients et fourniture de services d\u2019assistance.<\/p>\n<\/li>\n<li data-start=\"878\" data-end=\"939\">\n<p data-start=\"880\" data-end=\"939\">Notifications de campagnes et promotions (avec le consentement du client).<\/p>\n<\/li>\n<li data-start=\"940\" data-end=\"1000\">\n<p data-start=\"942\" data-end=\"1000\">Am\u00e9lioration de l\u2019exp\u00e9rience du site web et garantie de la s\u00e9curit\u00e9.<\/p>\n<\/li>\n<\/ul>\n<p data-start=\"1002\" data-end=\"1041\"><strong data-start=\"1002\" data-end=\"1039\">3. Partage des donn\u00e9es personnelles<\/strong><\/p>\n<ul data-start=\"1042\" data-end=\"1191\">\n<li data-start=\"1042\" data-end=\"1103\">\n<p data-start=\"1044\" data-end=\"1103\">Ne sont pas partag\u00e9es avec des tiers, sauf en cas d\u2019obligations l\u00e9gales.<\/p>\n<\/li>\n<li data-start=\"1104\" data-end=\"1191\">\n<p data-start=\"1106\" data-end=\"1191\">Peuvent \u00eatre partag\u00e9es avec les fournisseurs de services de paiement pour finaliser les transactions.<\/p>\n<\/li>\n<\/ul>\n<p data-start=\"1193\" data-end=\"1216\"><strong data-start=\"1193\" data-end=\"1214\">4. S\u00e9curit\u00e9 des donn\u00e9es<\/strong><\/p>\n<ul data-start=\"1217\" data-end=\"1330\">\n<li data-start=\"1217\" data-end=\"1266\">\n<p data-start=\"1219\" data-end=\"1266\">Les donn\u00e9es personnelles sont stock\u00e9es sur des serveurs s\u00e9curis\u00e9s.<\/p>\n<\/li>\n<li data-start=\"1267\" data-end=\"1330\">\n<p data-start=\"1269\" data-end=\"1330\">Des mesures techniques et administratives sont mises en \u0153uvre contre les acc\u00e8s non autoris\u00e9s.<\/p>\n<\/li>\n<\/ul>\n<p data-start=\"1332\" data-end=\"1358\"><strong data-start=\"1332\" data-end=\"1356\">5. Droits de l\u2019utilisateur<\/strong><\/p>\n<ul data-start=\"1359\" data-end=\"1536\">\n<li data-start=\"1359\" data-end=\"1468\">\n<p data-start=\"1361\" data-end=\"1468\">Les utilisateurs ont le droit d\u2019acc\u00e9der, de rectifier, de supprimer, de restreindre le traitement et de transf\u00e9rer leurs donn\u00e9es personnelles.<\/p>\n<\/li>\n<li data-start=\"1469\" data-end=\"1536\">\n<p data-start=\"1471\" data-end=\"1536\">Pour exercer ces droits, il est possible de contacter Mod Extrem.<\/p>\n<\/li>\n<\/ul>\n<p data-start=\"1538\" data-end=\"1612\"><strong data-start=\"1538\" data-end=\"1551\">Contact :<\/strong><br data-start=\"1551\" data-end=\"1554\">E-mail : <a class=\"cursor-pointer\" rel=\"noopener\" data-start=\"1563\" data-end=\"1581\">info@modextrem.com<\/a><br data-start=\"1581\" data-end=\"1584\">T\u00e9l\u00e9phone : +90 545 793 73 98<\/p>\t\t\t\t\t\t\t\t<\/div>\n\t\t\t\t<\/div>\n\t\t\t\t\t<\/div>\n\t\t\t\t<\/div>\n\t\t\t\t<\/div>\n\t\t","protected":false},"excerpt":{"rendered":"<p>Politique de confidentialit\u00e9 (Privacy Policy) \u2013 Mod Extrem Accueil Lorem Ipsum\u00a0is simply dumy text of the printing typesetting industry lorem ipsum. Objectif : D\u00e9crit comment les donn\u00e9es personnelles collect\u00e9es via le site web et les services de Mod Extrem sont collect\u00e9es, utilis\u00e9es et prot\u00e9g\u00e9es. 1. Collecte des donn\u00e9es personnelles Informations de contact telles que le nom, le pr\u00e9nom, l\u2019e-mail et le t\u00e9l\u00e9phone. Informations fournies lors de la r\u00e9servation ou de l\u2019achat de billets. Donn\u00e9es d\u2019utilisation du site web (cookies, adresse IP, informations sur le navigateur). 2. Utilisation des donn\u00e9es personnelles R\u00e9alisation des processus de r\u00e9servation et de billetterie. R\u00e9ponse aux demandes des clients et fourniture de services d\u2019assistance. Notifications de campagnes et promotions (avec le consentement du client). Am\u00e9lioration de l\u2019exp\u00e9rience du site web et garantie de la s\u00e9curit\u00e9. 3. Partage des donn\u00e9es personnelles Ne sont pas partag\u00e9es avec des tiers, sauf en cas d\u2019obligations l\u00e9gales. Peuvent \u00eatre partag\u00e9es avec les fournisseurs de services de paiement pour finaliser les transactions. 4. S\u00e9curit\u00e9 des donn\u00e9es Les donn\u00e9es personnelles sont stock\u00e9es sur des serveurs s\u00e9curis\u00e9s. Des mesures techniques et administratives sont mises en \u0153uvre contre les acc\u00e8s non autoris\u00e9s. 5. Droits de l\u2019utilisateur Les utilisateurs ont le droit d\u2019acc\u00e9der, de rectifier, de supprimer, de restreindre le traitement et de transf\u00e9rer leurs donn\u00e9es personnelles. Pour exercer ces droits, il est possible de contacter Mod Extrem. Contact :E-mail : info@modextrem.comT\u00e9l\u00e9phone : +90 545 793 73 98<\/p>\n","protected":false},"author":3,"featured_media":0,"parent":0,"menu_order":0,"comment_status":"closed","ping_status":"closed","template":"","meta":{"site-sidebar-layout":"no-sidebar","site-content-layout":"","ast-site-content-layout":"full-width-container","site-content-style":"default","site-sidebar-style":"default","ast-global-header-display":"","ast-banner-title-visibility":"","ast-main-header-display":"","ast-hfb-above-header-display":"","ast-hfb-below-header-display":"","ast-hfb-mobile-header-display":"","site-post-title":"disabled","ast-breadcrumbs-content":"","ast-featured-img":"disabled","footer-sml-layout":"","ast-disable-related-posts":"","theme-transparent-header-meta":"","adv-header-id-meta":"","stick-header-meta":"","header-above-stick-meta":"","header-main-stick-meta":"","header-below-stick-meta":"","astra-migrate-meta-layouts":"default","ast-page-background-enabled":"default","ast-page-background-meta":{"desktop":{"background-color":"var(--ast-global-color-5)","background-image":"","background-repeat":"repeat","background-position":"center center","background-size":"auto","background-attachment":"scroll","background-type":"","background-media":"","overlay-type":"","overlay-color":"","overlay-opacity":"","overlay-gradient":""},"tablet":{"background-color":"","background-image":"","background-repeat":"repeat","background-position":"center center","background-size":"auto","background-attachment":"scroll","background-type":"","background-media":"","overlay-type":"","overlay-color":"","overlay-opacity":"","overlay-gradient":""},"mobile":{"background-color":"","background-image":"","background-repeat":"repeat","background-position":"center center","background-size":"auto","background-attachment":"scroll","background-type":"","background-media":"","overlay-type":"","overlay-color":"","overlay-opacity":"","overlay-gradient":""}},"ast-content-background-meta":{"desktop":{"background-color":"var(--ast-global-color-4)","background-image":"","background-repeat":"repeat","background-position":"center center","background-size":"auto","background-attachment":"scroll","background-type":"","background-media":"","overlay-type":"","overlay-color":"","overlay-opacity":"","overlay-gradient":""},"tablet":{"background-color":"var(--ast-global-color-4)","background-image":"","background-repeat":"repeat","background-position":"center center","background-size":"auto","background-attachment":"scroll","background-type":"","background-media":"","overlay-type":"","overlay-color":"","overlay-opacity":"","overlay-gradient":""},"mobile":{"background-color":"var(--ast-global-color-4)","background-image":"","background-repeat":"repeat","background-position":"center center","background-size":"auto","background-attachment":"scroll","background-type":"","background-media":"","overlay-type":"","overlay-color":"","overlay-opacity":"","overlay-gradient":""}},"footnotes":""},"class_list":["post-3674","page","type-page","status-publish","hentry"],"acf":[],"_links":{"self":[{"href":"https:\/\/modextrem.com\/fr\/wp-json\/wp\/v2\/pages\/3674","targetHints":{"allow":["GET"]}}],"collection":[{"href":"https:\/\/modextrem.com\/fr\/wp-json\/wp\/v2\/pages"}],"about":[{"href":"https:\/\/modextrem.com\/fr\/wp-json\/wp\/v2\/types\/page"}],"author":[{"embeddable":true,"href":"https:\/\/modextrem.com\/fr\/wp-json\/wp\/v2\/users\/3"}],"replies":[{"embeddable":true,"href":"https:\/\/modextrem.com\/fr\/wp-json\/wp\/v2\/comments?post=3674"}],"version-history":[{"count":0,"href":"https:\/\/modextrem.com\/fr\/wp-json\/wp\/v2\/pages\/3674\/revisions"}],"wp:attachment":[{"href":"https:\/\/modextrem.com\/fr\/wp-json\/wp\/v2\/media?parent=3674"}],"curies":[{"name":"wp","href":"https:\/\/api.w.org\/{rel}","templated":true}]}}