{"id":4682,"date":"2025-08-16T15:47:16","date_gmt":"2025-08-16T15:47:16","guid":{"rendered":"https:\/\/modextrem.com\/politique-de-remboursement-et-de-retour\/"},"modified":"2026-03-13T20:41:16","modified_gmt":"2026-03-13T20:41:16","slug":"politique-de-remboursement-et-de-retour","status":"publish","type":"page","link":"https:\/\/modextrem.com\/fr\/politique-de-remboursement-et-de-retour\/","title":{"rendered":"Politique de remboursement et de retour"},"content":{"rendered":"\t\t<div data-elementor-type=\"wp-page\" data-elementor-id=\"4682\" class=\"elementor elementor-4682 elementor-34\" data-elementor-post-type=\"page\">\n\t\t\t\t<div class=\"elementor-element elementor-element-795a0bc3 e-flex e-con-boxed wpr-particle-no wpr-parallax-no wpr-sticky-section-no wpr-equal-height-no e-con e-parent\" data-id=\"795a0bc3\" data-element_type=\"container\" data-e-type=\"container\">\n\t\t\t\t\t<div class=\"e-con-inner\">\n\t\t\t\t<div class=\"elementor-element elementor-element-7c4e882 elementor-widget elementor-widget-heading\" data-id=\"7c4e882\" data-element_type=\"widget\" data-e-type=\"widget\" data-widget_type=\"heading.default\">\n\t\t\t\t<div class=\"elementor-widget-container\">\n\t\t\t\t\t<h2 class=\"elementor-heading-title elementor-size-default\">Politique dannulation et de remboursement<\/h2>\t\t\t\t<\/div>\n\t\t\t\t<\/div>\n\t\t\t\t<div class=\"elementor-element elementor-element-7188e33 elementor-widget elementor-widget-text-editor\" data-id=\"7188e33\" data-element_type=\"widget\" data-e-type=\"widget\" data-widget_type=\"text-editor.default\">\n\t\t\t\t<div class=\"elementor-widget-container\">\n\t\t\t\t\t\t\t\t\t<p data-start=\"228\" data-end=\"364\">Cette politique s\u2019applique aux services de vol en parapente achet\u00e9s via le site web de <strong data-start=\"241\" data-end=\"282\"><span class=\"hover:entity-accent entity-underline inline cursor-pointer align-baseline\"><span class=\"whitespace-normal\">Mod Extrem<\/span><\/span><\/strong>.<\/p>\n<p data-start=\"366\" data-end=\"468\">Tous les utilisateurs effectuant un achat via notre site web sont r\u00e9put\u00e9s avoir accept\u00e9 les conditions suivantes.<\/p>\n<hr data-start=\"470\" data-end=\"473\">\n<h2 data-section-id=\"1vdkykn\" data-start=\"475\" data-end=\"511\">1. R\u00e9servation et planification de vol<\/h2>\n<p data-start=\"513\" data-end=\"606\">Les billets de vol achet\u00e9s via notre site web sont planifi\u00e9s via un syst\u00e8me de r\u00e9servation.<\/p>\n<p data-start=\"608\" data-end=\"704\">Le jour et lheure du vol sont d\u00e9termin\u00e9s en tenant compte de la disponibilit\u00e9 du client et des conditions m\u00e9t\u00e9orologiques.<\/p>\n<p data-start=\"706\" data-end=\"784\">Pour les r\u00e9servations, le client doit nous contacter.<\/p>\n<hr data-start=\"786\" data-end=\"789\">\n<h2 data-section-id=\"99miun\" data-start=\"791\" data-end=\"827\">2. Annulation due aux conditions m\u00e9t\u00e9orologiques<\/h2>\n<p data-start=\"829\" data-end=\"903\">Les vols en parapente sont une activit\u00e9 enti\u00e8rement <strong data-start=\"861\" data-end=\"903\">d\u00e9pendante des conditions m\u00e9t\u00e9orologiques<\/strong>.<\/p>\n<p data-start=\"905\" data-end=\"956\">Les vols peuvent ne pas \u00eatre effectu\u00e9s dans les situations suivantes :<\/p>\n<ul data-start=\"958\" data-end=\"1061\">\n<li data-section-id=\"eaix6f\" data-start=\"958\" data-end=\"995\">\n<p data-start=\"960\" data-end=\"995\">vent non propice au vol<\/p>\n<\/li>\n<li data-section-id=\"1fc717m\" data-start=\"996\" data-end=\"1012\">\n<p data-start=\"998\" data-end=\"1012\">temps pluvieux<\/p>\n<\/li>\n<li data-section-id=\"1oih3r9\" data-start=\"1013\" data-end=\"1061\">\n<p data-start=\"1015\" data-end=\"1061\">conditions m\u00e9t\u00e9orologiques emp\u00eachant un vol en toute s\u00e9curit\u00e9<\/p>\n<\/li>\n<\/ul>\n<p data-start=\"1063\" data-end=\"1077\">Dans ces cas :<\/p>\n<ul data-start=\"1079\" data-end=\"1172\">\n<li data-section-id=\"29jvok\" data-start=\"1079\" data-end=\"1122\">\n<p data-start=\"1081\" data-end=\"1122\">le vol peut \u00eatre <strong data-start=\"1086\" data-end=\"1120\">report\u00e9 \u00e0 une autre date<\/strong><\/p>\n<\/li>\n<li data-section-id=\"75dtdk\" data-start=\"1123\" data-end=\"1172\">\n<p data-start=\"1125\" data-end=\"1172\">le client peut <strong data-start=\"1141\" data-end=\"1172\">demander un remboursement<\/strong> s\u2019il le souhaite<\/p>\n<\/li>\n<\/ul>\n<hr data-start=\"1174\" data-end=\"1177\">\n<h2 data-section-id=\"r763rl\" data-start=\"1179\" data-end=\"1209\">3. Annulation par le client<\/h2>\n<p data-start=\"1211\" data-end=\"1283\">Les demandes dannulation par le client sont soumises aux conditions suivantes :<\/p>\n<ul data-start=\"1285\" data-end=\"1462\">\n<li data-section-id=\"14nfo06\" data-start=\"1285\" data-end=\"1379\">\n<p data-start=\"1287\" data-end=\"1379\">Un remboursement peut \u00eatre effectu\u00e9 pour les annulations faites <strong data-start=\"1310\" data-end=\"1332\">au moins 24 heures avant<\/strong> la date de r\u00e9servation.<\/p>\n<\/li>\n<li data-section-id=\"ok219x\" data-start=\"1380\" data-end=\"1462\">\n<p data-start=\"1382\" data-end=\"1462\">Aucun remboursement ne sera effectu\u00e9 pour les annulations faites <strong data-start=\"1395\" data-end=\"1441\">moins de 24 heures avant<\/strong> l\u2019heure du vol.<\/p>\n<\/li>\n<\/ul>\n<p data-start=\"1464\" data-end=\"1520\">Les demandes de remboursement sont \u00e9valu\u00e9es par la direction du site.<\/p>\n<hr data-start=\"1522\" data-end=\"1525\">\n<h2 data-section-id=\"1vm2cu8\" data-start=\"1527\" data-end=\"1556\">4. Modification de r\u00e9servation<\/h2>\n<p data-start=\"1558\" data-end=\"1631\">Les clients peuvent modifier leurs dates de r\u00e9servation en fonction des disponibilit\u00e9s.<\/p>\n<p data-start=\"1633\" data-end=\"1737\">Pour les modifications de r\u00e9servation, le client doit nous contacter avant la date du vol.<\/p>\n<hr data-start=\"1739\" data-end=\"1742\">\n<h2 data-section-id=\"7im724\" data-start=\"1744\" data-end=\"1761\">5. Processus de remboursement<\/h2>\n<p data-start=\"1763\" data-end=\"1794\">Une fois le remboursement approuv\u00e9, le paiement est :<\/p>\n<ul data-start=\"1796\" data-end=\"1850\">\n<li data-section-id=\"1vb7xwk\" data-start=\"1796\" data-end=\"1811\">\n<p data-start=\"1798\" data-end=\"1811\">carte de cr\u00e9dit<\/p>\n<\/li>\n<li data-section-id=\"1ea0b5e\" data-start=\"1812\" data-end=\"1827\">\n<p data-start=\"1814\" data-end=\"1827\">carte de d\u00e9bit<\/p>\n<\/li>\n<li data-section-id=\"1ahsp9g\" data-start=\"1828\" data-end=\"1850\">\n<p data-start=\"1830\" data-end=\"1850\">syst\u00e8me de paiement en ligne<\/p>\n<\/li>\n<\/ul>\n<p data-start=\"1852\" data-end=\"1918\">rembours\u00e9 via la m\u00e9thode de paiement correspondante sil a \u00e9t\u00e9 effectu\u00e9 par ces moyens.<\/p>\n<p data-start=\"1920\" data-end=\"2006\">Selon la banque, les transactions de remboursement peuvent appara\u00eetre sur le compte dans un d\u00e9lai de <strong data-start=\"1956\" data-end=\"1974\">3 \u00e0 10 jours ouvrables<\/strong>.<\/p>\n<hr data-start=\"2008\" data-end=\"2011\">\n<h2 data-section-id=\"6y07un\" data-start=\"2013\" data-end=\"2047\">6. Remboursement des services utilis\u00e9s<\/h2>\n<p data-start=\"2049\" data-end=\"2116\">Aucun remboursement ne peut \u00eatre effectu\u00e9 apr\u00e8s la prestation des services de vol.<\/p>\n<hr data-start=\"2118\" data-end=\"2121\">\n<h2 data-section-id=\"aa7fqb\" data-start=\"2123\" data-end=\"2137\">7. Contact<\/h2>\n<p data-start=\"2139\" data-end=\"2221\">Vous pouvez nous contacter pour toute demande concernant les annulations et les remboursements.<\/p>\t\t\t\t\t\t\t\t<\/div>\n\t\t\t\t<\/div>\n\t\t\t\t\t<\/div>\n\t\t\t\t<\/div>\n\t\t\t\t<\/div>\n\t\t","protected":false},"excerpt":{"rendered":"<p>Politique dannulation et de remboursement Cette politique s\u2019applique aux services de vol en parapente achet\u00e9s via le site web de Mod Extrem. Tous les utilisateurs effectuant un achat via notre site web sont r\u00e9put\u00e9s avoir accept\u00e9 les conditions suivantes. 1. R\u00e9servation et planification de vol Les billets de vol achet\u00e9s via notre site web sont planifi\u00e9s via un syst\u00e8me de r\u00e9servation. Le jour et lheure du vol sont d\u00e9termin\u00e9s en tenant compte de la disponibilit\u00e9 du client et des conditions m\u00e9t\u00e9orologiques. Pour les r\u00e9servations, le client doit nous contacter. 2. Annulation due aux conditions m\u00e9t\u00e9orologiques Les vols en parapente sont une activit\u00e9 enti\u00e8rement d\u00e9pendante des conditions m\u00e9t\u00e9orologiques. Les vols peuvent ne pas \u00eatre effectu\u00e9s dans les situations suivantes : vent non propice au vol temps pluvieux conditions m\u00e9t\u00e9orologiques emp\u00eachant un vol en toute s\u00e9curit\u00e9 Dans ces cas : le vol peut \u00eatre report\u00e9 \u00e0 une autre date le client peut demander un remboursement s\u2019il le souhaite 3. Annulation par le client Les demandes dannulation par le client sont soumises aux conditions suivantes : Un remboursement peut \u00eatre effectu\u00e9 pour les annulations faites au moins 24 heures avant la date de r\u00e9servation. Aucun remboursement ne sera effectu\u00e9 pour les annulations faites moins de 24 heures avant l\u2019heure du vol. Les demandes de remboursement sont \u00e9valu\u00e9es par la direction du site. 4. Modification de r\u00e9servation Les clients peuvent modifier leurs dates de r\u00e9servation en fonction des disponibilit\u00e9s. Pour les modifications de r\u00e9servation, le client doit nous contacter avant la date du vol. 5. Processus de remboursement Une fois le remboursement approuv\u00e9, le paiement est : carte de cr\u00e9dit carte de d\u00e9bit syst\u00e8me de paiement en ligne rembours\u00e9 via la m\u00e9thode de paiement correspondante sil a \u00e9t\u00e9 effectu\u00e9 par ces moyens. Selon la banque, les transactions de remboursement peuvent appara\u00eetre sur le compte dans un d\u00e9lai de 3 \u00e0 10 jours ouvrables. 6. Remboursement des services utilis\u00e9s Aucun remboursement ne peut \u00eatre effectu\u00e9 apr\u00e8s la prestation des services de vol. 7. Contact Vous pouvez nous contacter pour toute demande concernant les annulations et les remboursements.<\/p>\n","protected":false},"author":3,"featured_media":0,"parent":0,"menu_order":0,"comment_status":"closed","ping_status":"closed","template":"","meta":{"site-sidebar-layout":"default","site-content-layout":"","ast-site-content-layout":"","site-content-style":"default","site-sidebar-style":"default","ast-global-header-display":"","ast-banner-title-visibility":"","ast-main-header-display":"","ast-hfb-above-header-display":"","ast-hfb-below-header-display":"","ast-hfb-mobile-header-display":"","site-post-title":"","ast-breadcrumbs-content":"","ast-featured-img":"","footer-sml-layout":"","ast-disable-related-posts":"","theme-transparent-header-meta":"","adv-header-id-meta":"","stick-header-meta":"","header-above-stick-meta":"","header-main-stick-meta":"","header-below-stick-meta":"","astra-migrate-meta-layouts":"default","ast-page-background-enabled":"default","ast-page-background-meta":{"desktop":{"background-color":"var(--ast-global-color-5)","background-image":"","background-repeat":"repeat","background-position":"center center","background-size":"auto","background-attachment":"scroll","background-type":"","background-media":"","overlay-type":"","overlay-color":"","overlay-opacity":"","overlay-gradient":""},"tablet":{"background-color":"","background-image":"","background-repeat":"repeat","background-position":"center center","background-size":"auto","background-attachment":"scroll","background-type":"","background-media":"","overlay-type":"","overlay-color":"","overlay-opacity":"","overlay-gradient":""},"mobile":{"background-color":"","background-image":"","background-repeat":"repeat","background-position":"center center","background-size":"auto","background-attachment":"scroll","background-type":"","background-media":"","overlay-type":"","overlay-color":"","overlay-opacity":"","overlay-gradient":""}},"ast-content-background-meta":{"desktop":{"background-color":"var(--ast-global-color-4)","background-image":"","background-repeat":"repeat","background-position":"center center","background-size":"auto","background-attachment":"scroll","background-type":"","background-media":"","overlay-type":"","overlay-color":"","overlay-opacity":"","overlay-gradient":""},"tablet":{"background-color":"var(--ast-global-color-4)","background-image":"","background-repeat":"repeat","background-position":"center center","background-size":"auto","background-attachment":"scroll","background-type":"","background-media":"","overlay-type":"","overlay-color":"","overlay-opacity":"","overlay-gradient":""},"mobile":{"background-color":"var(--ast-global-color-4)","background-image":"","background-repeat":"repeat","background-position":"center center","background-size":"auto","background-attachment":"scroll","background-type":"","background-media":"","overlay-type":"","overlay-color":"","overlay-opacity":"","overlay-gradient":""}},"footnotes":""},"class_list":["post-4682","page","type-page","status-publish","hentry"],"acf":[],"_links":{"self":[{"href":"https:\/\/modextrem.com\/fr\/wp-json\/wp\/v2\/pages\/4682","targetHints":{"allow":["GET"]}}],"collection":[{"href":"https:\/\/modextrem.com\/fr\/wp-json\/wp\/v2\/pages"}],"about":[{"href":"https:\/\/modextrem.com\/fr\/wp-json\/wp\/v2\/types\/page"}],"author":[{"embeddable":true,"href":"https:\/\/modextrem.com\/fr\/wp-json\/wp\/v2\/users\/3"}],"replies":[{"embeddable":true,"href":"https:\/\/modextrem.com\/fr\/wp-json\/wp\/v2\/comments?post=4682"}],"version-history":[{"count":2,"href":"https:\/\/modextrem.com\/fr\/wp-json\/wp\/v2\/pages\/4682\/revisions"}],"predecessor-version":[{"id":9301,"href":"https:\/\/modextrem.com\/fr\/wp-json\/wp\/v2\/pages\/4682\/revisions\/9301"}],"wp:attachment":[{"href":"https:\/\/modextrem.com\/fr\/wp-json\/wp\/v2\/media?parent=4682"}],"curies":[{"name":"wp","href":"https:\/\/api.w.org\/{rel}","templated":true}]}}