{"id":4972,"date":"2025-08-16T10:17:38","date_gmt":"2025-08-16T10:17:38","guid":{"rendered":"https:\/\/modextrem.com\/formulaire-de-retour\/"},"modified":"2026-02-19T05:24:07","modified_gmt":"2026-02-19T05:24:07","slug":"formulaire-de-retour","status":"publish","type":"page","link":"https:\/\/modextrem.com\/fr\/formulaire-de-retour\/","title":{"rendered":"Formulaire de retour"},"content":{"rendered":"\t\t<div data-elementor-type=\"wp-page\" data-elementor-id=\"4972\" class=\"elementor elementor-4972 elementor-2028\" data-elementor-post-type=\"page\">\n\t\t\t\t<div class=\"elementor-element elementor-element-c2862e1 e-flex e-con-boxed wpr-particle-no wpr-parallax-no wpr-sticky-section-no wpr-equal-height-no e-con e-parent\" data-id=\"c2862e1\" data-element_type=\"container\" data-e-type=\"container\" data-settings=\"{&quot;background_background&quot;:&quot;classic&quot;}\">\n\t\t\t\t\t<div class=\"e-con-inner\">\n\t\t<div class=\"elementor-element elementor-element-e3d81fe e-con-full e-flex wpr-particle-no wpr-parallax-no wpr-sticky-section-no wpr-equal-height-no e-con e-child\" data-id=\"e3d81fe\" data-element_type=\"container\" data-e-type=\"container\">\n\t\t\t\t<div class=\"elementor-element elementor-element-7b8c46b elementor-widget elementor-widget-heading\" data-id=\"7b8c46b\" data-element_type=\"widget\" data-e-type=\"widget\" data-widget_type=\"heading.default\">\n\t\t\t\t<div class=\"elementor-widget-container\">\n\t\t\t\t\t<h1 class=\"elementor-heading-title elementor-size-default\">Formulaire de retour \u2013 Mod Extrem<\/h1>\t\t\t\t<\/div>\n\t\t\t\t<\/div>\n\t\t\t\t<div class=\"elementor-element elementor-element-d005ac9 wpr-button-icon-style-inline wpr-button-icon-position-right elementor-widget elementor-widget-wpr-button\" data-id=\"d005ac9\" data-element_type=\"widget\" data-e-type=\"widget\" data-widget_type=\"wpr-button.default\">\n\t\t\t\t<div class=\"elementor-widget-container\">\n\t\t\t\t\t\t\n\t\t\t\n\t\t\n\t\t<div class=\"wpr-button-wrap elementor-clearfix\">\n\t\t<a class=\"wpr-button wpr-button-effect wpr-button-none\" data-text=\"\" href=\"https:\/\/modextrem.com\/\">\n\t\t\t\n\t\t\t<span class=\"wpr-button-content\">\n\t\t\t\t\t\t\t\t\t<span class=\"wpr-button-text\">Accueil<\/span>\n\t\t\t\t\t\t\t\t\n\t\t\t\t\t\t\t\t\t<span class=\"wpr-button-icon\"><svg class=\"e-font-icon-svg e-fas-angle-right\" viewBox=\"0 0 256 512\" xmlns=\"http:\/\/www.w3.org\/2000\/svg\"><path d=\"M224.3 273l-136 136c-9.4 9.4-24.6 9.4-33.9 0l-22.6-22.6c-9.4-9.4-9.4-24.6 0-33.9l96.4-96.4-96.4-96.4c-9.4-9.4-9.4-24.6 0-33.9L54.3 103c9.4-9.4 24.6-9.4 33.9 0l136 136c9.5 9.4 9.5 24.6.1 34z\"><\/path><\/svg><\/span>\n\t\t\t\t\t\t\t<\/span>\n\t\t<\/a>\n\n\t\t\t\t<\/div>\n\t\n\t\n\t\t\t\t\t<\/div>\n\t\t\t\t<\/div>\n\t\t\t\t<\/div>\n\t\t\t\t\t<\/div>\n\t\t\t\t<\/div>\n\t\t<div class=\"elementor-element elementor-element-9e1cde6 e-flex e-con-boxed wpr-particle-no wpr-parallax-no wpr-sticky-section-no wpr-equal-height-no e-con e-parent\" data-id=\"9e1cde6\" data-element_type=\"container\" data-e-type=\"container\">\n\t\t\t\t\t<div class=\"e-con-inner\">\n\t\t\t\t<div class=\"elementor-element elementor-element-0d68006 elementor-widget elementor-widget-text-editor\" data-id=\"0d68006\" data-element_type=\"widget\" data-e-type=\"widget\" data-widget_type=\"text-editor.default\">\n\t\t\t\t<div class=\"elementor-widget-container\">\n\t\t\t\t\t\t\t\t\t<p data-start=\"1654\" data-end=\"1676\"><strong data-start=\"1654\" data-end=\"1674\">Formulaire de demande de retour<\/strong><\/p><p data-start=\"1678\" data-end=\"1702\"><strong data-start=\"1678\" data-end=\"1700\">Informations client :<\/strong><\/p><ul data-start=\"1703\" data-end=\"1836\"><li data-start=\"1703\" data-end=\"1746\"><p data-start=\"1705\" data-end=\"1746\">Nom et Pr\u00e9nom : ___________________________<\/p><\/li><li data-start=\"1747\" data-end=\"1791\"><p data-start=\"1749\" data-end=\"1791\">E-mail : _______________________________<\/p><\/li><li data-start=\"1792\" data-end=\"1836\"><p data-start=\"1794\" data-end=\"1836\">T\u00e9l\u00e9phone : _______________________________<\/p><\/li><\/ul><p data-start=\"1838\" data-end=\"1862\"><strong data-start=\"1838\" data-end=\"1860\">Informations sur la commande :<\/strong><\/p><ul data-start=\"1863\" data-end=\"1998\"><li data-start=\"1863\" data-end=\"1908\"><p data-start=\"1865\" data-end=\"1908\">Num\u00e9ro de commande\/r\u00e9servation : ___________<\/p><\/li><li data-start=\"1909\" data-end=\"1952\"><p data-start=\"1911\" data-end=\"1952\">Produit\/Service : __________________________<\/p><\/li><li data-start=\"1953\" data-end=\"1998\"><p data-start=\"1955\" data-end=\"1998\">Date d\u2019achat : ______________________<\/p><\/li><\/ul><p data-start=\"2000\" data-end=\"2034\"><strong data-start=\"2000\" data-end=\"2032\">Motif du retour (br\u00e8ve description) :<\/strong><\/p><hr data-start=\"2035\" data-end=\"2078\"><p data-start=\"2080\" data-end=\"2098\"><strong data-start=\"2080\" data-end=\"2096\">Demande de retour :<\/strong><\/p><ul class=\"contains-task-list\" data-start=\"2099\" data-end=\"2148\"><li class=\"task-list-item\" data-start=\"2099\" data-end=\"2127\"><p data-start=\"2105\" data-end=\"2127\"><input disabled type=\"checkbox\">  \u00c9change de produit\/service<\/p><\/li><li class=\"task-list-item\" data-start=\"2128\" data-end=\"2148\"><p data-start=\"2134\" data-end=\"2148\"><input disabled type=\"checkbox\">  Remboursement<\/p><\/li><\/ul><p data-start=\"2150\" data-end=\"2238\"><strong data-start=\"2150\" data-end=\"2167\">Approbation et signature :<\/strong><br data-start=\"2167\" data-end=\"2170\">Date : ______ \/ ______ \/ ______<br data-start=\"2201\" data-end=\"2204\">Signature : __________________________<\/p><p data-start=\"2240\" data-end=\"2393\"><strong data-start=\"2240\" data-end=\"2248\">Remarque :<\/strong> Les conditions de retour s\u2019appliquent en fonction de la nature du produit ou du service achet\u00e9. Le remboursement est effectu\u00e9 dans les 14 jours suivant la date d\u2019achat. <\/p>\t\t\t\t\t\t\t\t<\/div>\n\t\t\t\t<\/div>\n\t\t\t\t\t<\/div>\n\t\t\t\t<\/div>\n\t\t\t\t<\/div>\n\t\t","protected":false},"excerpt":{"rendered":"<p>Formulaire de retour \u2013 Mod Extrem Accueil Lorem Ipsum\u00a0is simply dumy text of the printing typesetting industry lorem ipsum. Formulaire de demande de retour Informations client : Nom et Pr\u00e9nom : ___________________________ E-mail : _______________________________ T\u00e9l\u00e9phone : _______________________________ Informations sur la commande : Num\u00e9ro de commande\/r\u00e9servation : ___________ Produit\/Service : __________________________ Date d\u2019achat : ______________________ Motif du retour (br\u00e8ve description) : Demande de retour : \u00c9change de produit\/service Remboursement Approbation et signature :Date : ______ \/ ______ \/ ______Signature : __________________________ Remarque : Les conditions de retour s\u2019appliquent en fonction de la nature du produit ou du service achet\u00e9. Le remboursement est effectu\u00e9 dans les 14 jours suivant la date d\u2019achat.<\/p>\n","protected":false},"author":3,"featured_media":0,"parent":0,"menu_order":0,"comment_status":"closed","ping_status":"closed","template":"","meta":{"site-sidebar-layout":"no-sidebar","site-content-layout":"","ast-site-content-layout":"full-width-container","site-content-style":"default","site-sidebar-style":"default","ast-global-header-display":"","ast-banner-title-visibility":"","ast-main-header-display":"","ast-hfb-above-header-display":"","ast-hfb-below-header-display":"","ast-hfb-mobile-header-display":"","site-post-title":"disabled","ast-breadcrumbs-content":"","ast-featured-img":"disabled","footer-sml-layout":"","ast-disable-related-posts":"","theme-transparent-header-meta":"","adv-header-id-meta":"","stick-header-meta":"","header-above-stick-meta":"","header-main-stick-meta":"","header-below-stick-meta":"","astra-migrate-meta-layouts":"default","ast-page-background-enabled":"default","ast-page-background-meta":{"desktop":{"background-color":"var(--ast-global-color-5)","background-image":"","background-repeat":"repeat","background-position":"center center","background-size":"auto","background-attachment":"scroll","background-type":"","background-media":"","overlay-type":"","overlay-color":"","overlay-opacity":"","overlay-gradient":""},"tablet":{"background-color":"","background-image":"","background-repeat":"repeat","background-position":"center center","background-size":"auto","background-attachment":"scroll","background-type":"","background-media":"","overlay-type":"","overlay-color":"","overlay-opacity":"","overlay-gradient":""},"mobile":{"background-color":"","background-image":"","background-repeat":"repeat","background-position":"center center","background-size":"auto","background-attachment":"scroll","background-type":"","background-media":"","overlay-type":"","overlay-color":"","overlay-opacity":"","overlay-gradient":""}},"ast-content-background-meta":{"desktop":{"background-color":"var(--ast-global-color-4)","background-image":"","background-repeat":"repeat","background-position":"center center","background-size":"auto","background-attachment":"scroll","background-type":"","background-media":"","overlay-type":"","overlay-color":"","overlay-opacity":"","overlay-gradient":""},"tablet":{"background-color":"var(--ast-global-color-4)","background-image":"","background-repeat":"repeat","background-position":"center center","background-size":"auto","background-attachment":"scroll","background-type":"","background-media":"","overlay-type":"","overlay-color":"","overlay-opacity":"","overlay-gradient":""},"mobile":{"background-color":"var(--ast-global-color-4)","background-image":"","background-repeat":"repeat","background-position":"center center","background-size":"auto","background-attachment":"scroll","background-type":"","background-media":"","overlay-type":"","overlay-color":"","overlay-opacity":"","overlay-gradient":""}},"footnotes":""},"class_list":["post-4972","page","type-page","status-publish","hentry"],"acf":[],"_links":{"self":[{"href":"https:\/\/modextrem.com\/fr\/wp-json\/wp\/v2\/pages\/4972","targetHints":{"allow":["GET"]}}],"collection":[{"href":"https:\/\/modextrem.com\/fr\/wp-json\/wp\/v2\/pages"}],"about":[{"href":"https:\/\/modextrem.com\/fr\/wp-json\/wp\/v2\/types\/page"}],"author":[{"embeddable":true,"href":"https:\/\/modextrem.com\/fr\/wp-json\/wp\/v2\/users\/3"}],"replies":[{"embeddable":true,"href":"https:\/\/modextrem.com\/fr\/wp-json\/wp\/v2\/comments?post=4972"}],"version-history":[{"count":0,"href":"https:\/\/modextrem.com\/fr\/wp-json\/wp\/v2\/pages\/4972\/revisions"}],"wp:attachment":[{"href":"https:\/\/modextrem.com\/fr\/wp-json\/wp\/v2\/media?parent=4972"}],"curies":[{"name":"wp","href":"https:\/\/api.w.org\/{rel}","templated":true}]}}