{"id":9239,"date":"2026-03-13T20:21:30","date_gmt":"2026-03-13T20:21:30","guid":{"rendered":"https:\/\/modextrem.com\/contrat-dadhesion\/"},"modified":"2026-03-13T20:26:23","modified_gmt":"2026-03-13T20:26:23","slug":"contrat-dadhesion","status":"publish","type":"page","link":"https:\/\/modextrem.com\/fr\/contrat-dadhesion\/","title":{"rendered":"Contrat dadh\u00e9sion"},"content":{"rendered":"\t\t<div data-elementor-type=\"wp-page\" data-elementor-id=\"9239\" class=\"elementor elementor-9239 elementor-9223\" data-elementor-post-type=\"page\">\n\t\t\t\t<div class=\"elementor-element elementor-element-fa0bf7e e-flex e-con-boxed wpr-particle-no wpr-parallax-no wpr-sticky-section-no wpr-equal-height-no e-con e-parent\" data-id=\"fa0bf7e\" data-element_type=\"container\" data-e-type=\"container\">\n\t\t\t\t\t<div class=\"e-con-inner\">\n\t\t\t\t<div class=\"elementor-element elementor-element-04fdb37 elementor-widget elementor-widget-heading\" data-id=\"04fdb37\" data-element_type=\"widget\" data-e-type=\"widget\" data-widget_type=\"heading.default\">\n\t\t\t\t<div class=\"elementor-widget-container\">\n\t\t\t\t\t<h2 class=\"elementor-heading-title elementor-size-default\">Contrat dadh\u00e9sion<\/h2>\t\t\t\t<\/div>\n\t\t\t\t<\/div>\n\t\t\t\t<div class=\"elementor-element elementor-element-e12bbf4 elementor-widget elementor-widget-text-editor\" data-id=\"e12bbf4\" data-element_type=\"widget\" data-e-type=\"widget\" data-widget_type=\"text-editor.default\">\n\t\t\t\t<div class=\"elementor-widget-container\">\n\t\t\t\t\t\t\t\t\t<p data-start=\"421\" data-end=\"588\">Le pr\u00e9sent Contrat d\u2019adh\u00e9sion est un accord \u00e9tabli par voie \u00e9lectronique entre l\u2019utilisateur qui s\u2019inscrit sur le site web <strong data-start=\"443\" data-end=\"484\"><span class=\"hover:entity-accent entity-underline inline cursor-pointer align-baseline\"><span class=\"whitespace-normal\">Mod Extrem<\/span><\/span><\/strong> et l\u2019administration du site.<\/p><h3 data-section-id=\"176wpwm\" data-start=\"590\" data-end=\"605\">1. Parties<\/h3><p data-start=\"606\" data-end=\"734\">Le pr\u00e9sent contrat est valable entre l\u2019utilisateur (\u00ab Membre \u00bb) qui s\u2019inscrit sur le site internet <a class=\"decorated-link cursor-pointer\" target=\"_new\" rel=\"noopener\" data-start=\"621\" data-end=\"638\">www.modextrem.com<\/a> et Mod Extrem, qui exploite le site.<\/p><h3 data-section-id=\"1lnuxj7\" data-start=\"736\" data-end=\"758\">2. Conditions dadh\u00e9sion<\/h3><p data-start=\"759\" data-end=\"785\">Lutilisateur qui sinscrit sur le site:<\/p><ul data-start=\"787\" data-end=\"955\"><li data-section-id=\"x4q87v\" data-start=\"787\" data-end=\"823\"><p data-start=\"789\" data-end=\"823\">d\u00e9clare que les informations quil fournit sont exactes,<\/p><\/li><li data-section-id=\"1e9mirg\" data-start=\"824\" data-end=\"871\"><p data-start=\"826\" data-end=\"871\">est responsable de la protection de la s\u00e9curit\u00e9 de son compte,<\/p><\/li><li data-section-id=\"1ghcg96\" data-start=\"872\" data-end=\"955\"><p data-start=\"874\" data-end=\"955\">accepte de ne pas autoriser lutilisation de son compte par des tiers.<\/p><\/li><\/ul><p data-start=\"957\" data-end=\"1027\">La responsabilit\u00e9 des informations fausses ou incompl\u00e8tes incombe au membre.<\/p><h3 data-section-id=\"z59q80\" data-start=\"1029\" data-end=\"1053\">3. Services dadh\u00e9sion<\/h3><p data-start=\"1054\" data-end=\"1076\">Les membres peuvent b\u00e9n\u00e9ficier des services suivants via le site:<\/p><ul data-start=\"1078\" data-end=\"1197\"><li data-section-id=\"1vfgjk9\" data-start=\"1078\" data-end=\"1103\"><p data-start=\"1080\" data-end=\"1103\">Achat de billets en ligne<\/p><\/li><li data-section-id=\"oci3pq\" data-start=\"1104\" data-end=\"1127\"><p data-start=\"1106\" data-end=\"1127\">Proc\u00e9dures de r\u00e9servation<\/p><\/li><li data-section-id=\"y5bp96\" data-start=\"1128\" data-end=\"1159\"><p data-start=\"1130\" data-end=\"1159\">Acc\u00e8s aux campagnes et annonces<\/p><\/li><li data-section-id=\"l6rgg2\" data-start=\"1160\" data-end=\"1197\"><p data-start=\"1162\" data-end=\"1197\">Affichage de contenus exclusifs aux membres<\/p><\/li><\/ul><p data-start=\"1199\" data-end=\"1232\">etc.<\/p><h3 data-section-id=\"aoxtok\" data-start=\"1234\" data-end=\"1265\">4. R\u00e9siliation de ladh\u00e9sion<\/h3><p data-start=\"1266\" data-end=\"1355\">Ladministration du site se r\u00e9serve le droit de suspendre ou de r\u00e9silier ladh\u00e9sion dans les cas suivants:<\/p><ul data-start=\"1357\" data-end=\"1461\"><li data-section-id=\"h873wo\" data-start=\"1357\" data-end=\"1383\"><p data-start=\"1359\" data-end=\"1383\">Utilisation de fausses informations<\/p><\/li><li data-section-id=\"1wt3544\" data-start=\"1384\" data-end=\"1426\"><p data-start=\"1386\" data-end=\"1426\">Comportements mena\u00e7ant la s\u00e9curit\u00e9 du site<\/p><\/li><li data-section-id=\"h68msv\" data-start=\"1427\" data-end=\"1461\"><p data-start=\"1429\" data-end=\"1461\">Utilisation contraire aux r\u00e8gles du site<\/p><\/li><\/ul><p data-start=\"1463\" data-end=\"1508\">Le membre peut r\u00e9silier son adh\u00e9sion \u00e0 tout moment.<\/p><h3 data-section-id=\"whtee9\" data-start=\"1510\" data-end=\"1533\">5. Droit de modification<\/h3><p data-start=\"1534\" data-end=\"1607\">Ladministration du site se r\u00e9serve le droit de modifier les clauses du contrat.<\/p>\t\t\t\t\t\t\t\t<\/div>\n\t\t\t\t<\/div>\n\t\t\t\t\t<\/div>\n\t\t\t\t<\/div>\n\t\t\t\t<\/div>\n\t\t","protected":false},"excerpt":{"rendered":"<p>Contrat dadh\u00e9sion Le pr\u00e9sent Contrat d\u2019adh\u00e9sion est un accord \u00e9tabli par voie \u00e9lectronique entre l\u2019utilisateur qui s\u2019inscrit sur le site web Mod Extrem et l\u2019administration du site. 1. Parties Le pr\u00e9sent contrat est valable entre l\u2019utilisateur (\u00ab Membre \u00bb) qui s\u2019inscrit sur le site internet www.modextrem.com et Mod Extrem, qui exploite le site. 2. Conditions dadh\u00e9sion Lutilisateur qui sinscrit sur le site: d\u00e9clare que les informations quil fournit sont exactes, est responsable de la protection de la s\u00e9curit\u00e9 de son compte, accepte de ne pas autoriser lutilisation de son compte par des tiers. La responsabilit\u00e9 des informations fausses ou incompl\u00e8tes incombe au membre. 3. Services dadh\u00e9sion Les membres peuvent b\u00e9n\u00e9ficier des services suivants via le site: Achat de billets en ligne Proc\u00e9dures de r\u00e9servation Acc\u00e8s aux campagnes et annonces Affichage de contenus exclusifs aux membres etc. 4. R\u00e9siliation de ladh\u00e9sion Ladministration du site se r\u00e9serve le droit de suspendre ou de r\u00e9silier ladh\u00e9sion dans les cas suivants: Utilisation de fausses informations Comportements mena\u00e7ant la s\u00e9curit\u00e9 du site Utilisation contraire aux r\u00e8gles du site Le membre peut r\u00e9silier son adh\u00e9sion \u00e0 tout moment. 5. Droit de modification Ladministration du site se r\u00e9serve le droit de modifier les clauses du contrat.<\/p>\n","protected":false},"author":1,"featured_media":0,"parent":0,"menu_order":0,"comment_status":"closed","ping_status":"closed","template":"","meta":{"site-sidebar-layout":"no-sidebar","site-content-layout":"","ast-site-content-layout":"full-width-container","site-content-style":"default","site-sidebar-style":"default","ast-global-header-display":"","ast-banner-title-visibility":"","ast-main-header-display":"","ast-hfb-above-header-display":"","ast-hfb-below-header-display":"","ast-hfb-mobile-header-display":"","site-post-title":"","ast-breadcrumbs-content":"","ast-featured-img":"disabled","footer-sml-layout":"","ast-disable-related-posts":"","theme-transparent-header-meta":"","adv-header-id-meta":"","stick-header-meta":"","header-above-stick-meta":"","header-main-stick-meta":"","header-below-stick-meta":"","astra-migrate-meta-layouts":"default","ast-page-background-enabled":"default","ast-page-background-meta":{"desktop":{"background-color":"var(--ast-global-color-5)","background-image":"","background-repeat":"repeat","background-position":"center center","background-size":"auto","background-attachment":"scroll","background-type":"","background-media":"","overlay-type":"","overlay-color":"","overlay-opacity":"","overlay-gradient":""},"tablet":{"background-color":"","background-image":"","background-repeat":"repeat","background-position":"center center","background-size":"auto","background-attachment":"scroll","background-type":"","background-media":"","overlay-type":"","overlay-color":"","overlay-opacity":"","overlay-gradient":""},"mobile":{"background-color":"","background-image":"","background-repeat":"repeat","background-position":"center center","background-size":"auto","background-attachment":"scroll","background-type":"","background-media":"","overlay-type":"","overlay-color":"","overlay-opacity":"","overlay-gradient":""}},"ast-content-background-meta":{"desktop":{"background-color":"var(--ast-global-color-4)","background-image":"","background-repeat":"repeat","background-position":"center center","background-size":"auto","background-attachment":"scroll","background-type":"","background-media":"","overlay-type":"","overlay-color":"","overlay-opacity":"","overlay-gradient":""},"tablet":{"background-color":"var(--ast-global-color-4)","background-image":"","background-repeat":"repeat","background-position":"center center","background-size":"auto","background-attachment":"scroll","background-type":"","background-media":"","overlay-type":"","overlay-color":"","overlay-opacity":"","overlay-gradient":""},"mobile":{"background-color":"var(--ast-global-color-4)","background-image":"","background-repeat":"repeat","background-position":"center center","background-size":"auto","background-attachment":"scroll","background-type":"","background-media":"","overlay-type":"","overlay-color":"","overlay-opacity":"","overlay-gradient":""}},"footnotes":""},"class_list":["post-9239","page","type-page","status-publish","hentry"],"acf":[],"_links":{"self":[{"href":"https:\/\/modextrem.com\/fr\/wp-json\/wp\/v2\/pages\/9239","targetHints":{"allow":["GET"]}}],"collection":[{"href":"https:\/\/modextrem.com\/fr\/wp-json\/wp\/v2\/pages"}],"about":[{"href":"https:\/\/modextrem.com\/fr\/wp-json\/wp\/v2\/types\/page"}],"author":[{"embeddable":true,"href":"https:\/\/modextrem.com\/fr\/wp-json\/wp\/v2\/users\/1"}],"replies":[{"embeddable":true,"href":"https:\/\/modextrem.com\/fr\/wp-json\/wp\/v2\/comments?post=9239"}],"version-history":[{"count":1,"href":"https:\/\/modextrem.com\/fr\/wp-json\/wp\/v2\/pages\/9239\/revisions"}],"predecessor-version":[{"id":9240,"href":"https:\/\/modextrem.com\/fr\/wp-json\/wp\/v2\/pages\/9239\/revisions\/9240"}],"wp:attachment":[{"href":"https:\/\/modextrem.com\/fr\/wp-json\/wp\/v2\/media?parent=9239"}],"curies":[{"name":"wp","href":"https:\/\/api.w.org\/{rel}","templated":true}]}}