{"id":9270,"date":"2026-03-13T20:26:37","date_gmt":"2026-03-13T20:26:37","guid":{"rendered":"https:\/\/modextrem.com\/conditions-dutilisation\/"},"modified":"2026-03-13T20:28:46","modified_gmt":"2026-03-13T20:28:46","slug":"conditions-dutilisation","status":"publish","type":"page","link":"https:\/\/modextrem.com\/fr\/conditions-dutilisation\/","title":{"rendered":"Conditions dutilisation"},"content":{"rendered":"\t\t<div data-elementor-type=\"wp-page\" data-elementor-id=\"9270\" class=\"elementor elementor-9270 elementor-9245\" data-elementor-post-type=\"page\">\n\t\t\t\t<div class=\"elementor-element elementor-element-8553de2 e-flex e-con-boxed wpr-particle-no wpr-parallax-no wpr-sticky-section-no wpr-equal-height-no e-con e-parent\" data-id=\"8553de2\" data-element_type=\"container\" data-e-type=\"container\">\n\t\t\t\t\t<div class=\"e-con-inner\">\n\t\t\t\t<div class=\"elementor-element elementor-element-d0cac13 elementor-widget elementor-widget-heading\" data-id=\"d0cac13\" data-element_type=\"widget\" data-e-type=\"widget\" data-widget_type=\"heading.default\">\n\t\t\t\t<div class=\"elementor-widget-container\">\n\t\t\t\t\t<h1 class=\"elementor-heading-title elementor-size-default\">Conditions dutilisation<\/h1>\t\t\t\t<\/div>\n\t\t\t\t<\/div>\n\t\t\t\t<div class=\"elementor-element elementor-element-0ca3f48 elementor-widget elementor-widget-heading\" data-id=\"0ca3f48\" data-element_type=\"widget\" data-e-type=\"widget\" data-widget_type=\"heading.default\">\n\t\t\t\t<div class=\"elementor-widget-container\">\n\t\t\t\t\t<h2 class=\"elementor-heading-title elementor-size-default\">Conditions dutilisation du site web<\/h2>\t\t\t\t<\/div>\n\t\t\t\t<\/div>\n\t\t\t\t<div class=\"elementor-element elementor-element-3b7fbcc elementor-widget elementor-widget-text-editor\" data-id=\"3b7fbcc\" data-element_type=\"widget\" data-e-type=\"widget\" data-widget_type=\"text-editor.default\">\n\t\t\t\t<div class=\"elementor-widget-container\">\n\t\t\t\t\t\t\t\t\t<p data-start=\"2933\" data-end=\"3004\">Toute personne qui utilise ce site web accepte les conditions suivantes.<\/p><h3 data-section-id=\"11cecvu\" data-start=\"3006\" data-end=\"3026\">1. Conditions g\u00e9n\u00e9rales<\/h3><p data-start=\"3027\" data-end=\"3060\">Les utilisateurs qui visitent le site sengagent \u00e0 :<\/p><ul data-start=\"3062\" data-end=\"3164\"><li data-section-id=\"njtk5i\" data-start=\"3062\" data-end=\"3089\"><p data-start=\"3064\" data-end=\"3089\">Agir conform\u00e9ment aux lois<\/p><\/li><li data-section-id=\"4kmp5u\" data-start=\"3090\" data-end=\"3127\"><p data-start=\"3092\" data-end=\"3127\">Ne pas compromettre la s\u00e9curit\u00e9 du site<\/p><\/li><li data-section-id=\"1fjfkeq\" data-start=\"3128\" data-end=\"3164\"><p data-start=\"3130\" data-end=\"3164\">Ne pas faire un usage abusif du contenu du site<\/p><\/li><\/ul><p data-start=\"3166\" data-end=\"3177\">accepter.<\/p><h3 data-section-id=\"1v5f12s\" data-start=\"3179\" data-end=\"3200\">2. Droits sur le contenu<\/h3><p data-start=\"3201\" data-end=\"3223\">Le contenu du site web, y compris :<\/p><ul data-start=\"3225\" data-end=\"3271\"><li data-section-id=\"1h847qc\" data-start=\"3225\" data-end=\"3234\"><p data-start=\"3227\" data-end=\"3234\">les textes<\/p><\/li><li data-section-id=\"f9g00f\" data-start=\"3235\" data-end=\"3248\"><p data-start=\"3237\" data-end=\"3248\">les photos<\/p><\/li><li data-section-id=\"17acpwm\" data-start=\"3249\" data-end=\"3259\"><p data-start=\"3251\" data-end=\"3259\">les vid\u00e9os<\/p><\/li><li data-section-id=\"f2jn5v\" data-start=\"3260\" data-end=\"3271\"><p data-start=\"3262\" data-end=\"3271\">les graphiques<\/p><\/li><\/ul><p data-start=\"3273\" data-end=\"3310\">est prot\u00e9g\u00e9 par le droit dauteur.<\/p><p data-start=\"3312\" data-end=\"3401\">Il ne peut \u00eatre copi\u00e9, reproduit ou utilis\u00e9 \u00e0 des fins commerciales sans lautorisation de ladministration du site.<\/p><h3 data-section-id=\"ky1s5f\" data-start=\"3403\" data-end=\"3424\">3. Contenu des services<\/h3><p data-start=\"3425\" data-end=\"3508\">Les services offerts via le site peuvent \u00eatre modifi\u00e9s ou mis \u00e0 jour de temps \u00e0 autre.<\/p><p data-start=\"3510\" data-end=\"3580\">Ladministration du site se r\u00e9serve le droit de suspendre ou de modifier les services.<\/p><h3 data-section-id=\"18jgy8v\" data-start=\"3582\" data-end=\"3605\">4. Clause de non-responsabilit\u00e9<\/h3><p data-start=\"3606\" data-end=\"3662\">Les informations fournies sur le site le sont \u00e0 titre informatif.<\/p><p data-start=\"3664\" data-end=\"3787\">Ladministration du site ne peut \u00eatre tenue responsable des dysfonctionnements techniques ou des dommages pouvant r\u00e9sulter de liens tiers.<\/p>\t\t\t\t\t\t\t\t<\/div>\n\t\t\t\t<\/div>\n\t\t\t\t\t<\/div>\n\t\t\t\t<\/div>\n\t\t\t\t<\/div>\n\t\t","protected":false},"excerpt":{"rendered":"<p>Conditions dutilisation Conditions dutilisation du site web Toute personne qui utilise ce site web accepte les conditions suivantes. 1. Conditions g\u00e9n\u00e9rales Les utilisateurs qui visitent le site sengagent \u00e0 : Agir conform\u00e9ment aux lois Ne pas compromettre la s\u00e9curit\u00e9 du site Ne pas faire un usage abusif du contenu du site accepter. 2. Droits sur le contenu Le contenu du site web, y compris : les textes les photos les vid\u00e9os les graphiques est prot\u00e9g\u00e9 par le droit dauteur. Il ne peut \u00eatre copi\u00e9, reproduit ou utilis\u00e9 \u00e0 des fins commerciales sans lautorisation de ladministration du site. 3. Contenu des services Les services offerts via le site peuvent \u00eatre modifi\u00e9s ou mis \u00e0 jour de temps \u00e0 autre. Ladministration du site se r\u00e9serve le droit de suspendre ou de modifier les services. 4. Clause de non-responsabilit\u00e9 Les informations fournies sur le site le sont \u00e0 titre informatif. Ladministration du site ne peut \u00eatre tenue responsable des dysfonctionnements techniques ou des dommages pouvant r\u00e9sulter de liens tiers.<\/p>\n","protected":false},"author":1,"featured_media":0,"parent":0,"menu_order":0,"comment_status":"closed","ping_status":"closed","template":"","meta":{"site-sidebar-layout":"no-sidebar","site-content-layout":"","ast-site-content-layout":"full-width-container","site-content-style":"default","site-sidebar-style":"default","ast-global-header-display":"","ast-banner-title-visibility":"","ast-main-header-display":"","ast-hfb-above-header-display":"","ast-hfb-below-header-display":"","ast-hfb-mobile-header-display":"","site-post-title":"","ast-breadcrumbs-content":"","ast-featured-img":"disabled","footer-sml-layout":"","ast-disable-related-posts":"","theme-transparent-header-meta":"","adv-header-id-meta":"","stick-header-meta":"","header-above-stick-meta":"","header-main-stick-meta":"","header-below-stick-meta":"","astra-migrate-meta-layouts":"default","ast-page-background-enabled":"default","ast-page-background-meta":{"desktop":{"background-color":"var(--ast-global-color-5)","background-image":"","background-repeat":"repeat","background-position":"center center","background-size":"auto","background-attachment":"scroll","background-type":"","background-media":"","overlay-type":"","overlay-color":"","overlay-opacity":"","overlay-gradient":""},"tablet":{"background-color":"","background-image":"","background-repeat":"repeat","background-position":"center center","background-size":"auto","background-attachment":"scroll","background-type":"","background-media":"","overlay-type":"","overlay-color":"","overlay-opacity":"","overlay-gradient":""},"mobile":{"background-color":"","background-image":"","background-repeat":"repeat","background-position":"center center","background-size":"auto","background-attachment":"scroll","background-type":"","background-media":"","overlay-type":"","overlay-color":"","overlay-opacity":"","overlay-gradient":""}},"ast-content-background-meta":{"desktop":{"background-color":"var(--ast-global-color-4)","background-image":"","background-repeat":"repeat","background-position":"center center","background-size":"auto","background-attachment":"scroll","background-type":"","background-media":"","overlay-type":"","overlay-color":"","overlay-opacity":"","overlay-gradient":""},"tablet":{"background-color":"var(--ast-global-color-4)","background-image":"","background-repeat":"repeat","background-position":"center center","background-size":"auto","background-attachment":"scroll","background-type":"","background-media":"","overlay-type":"","overlay-color":"","overlay-opacity":"","overlay-gradient":""},"mobile":{"background-color":"var(--ast-global-color-4)","background-image":"","background-repeat":"repeat","background-position":"center center","background-size":"auto","background-attachment":"scroll","background-type":"","background-media":"","overlay-type":"","overlay-color":"","overlay-opacity":"","overlay-gradient":""}},"footnotes":""},"class_list":["post-9270","page","type-page","status-publish","hentry"],"acf":[],"_links":{"self":[{"href":"https:\/\/modextrem.com\/fr\/wp-json\/wp\/v2\/pages\/9270","targetHints":{"allow":["GET"]}}],"collection":[{"href":"https:\/\/modextrem.com\/fr\/wp-json\/wp\/v2\/pages"}],"about":[{"href":"https:\/\/modextrem.com\/fr\/wp-json\/wp\/v2\/types\/page"}],"author":[{"embeddable":true,"href":"https:\/\/modextrem.com\/fr\/wp-json\/wp\/v2\/users\/1"}],"replies":[{"embeddable":true,"href":"https:\/\/modextrem.com\/fr\/wp-json\/wp\/v2\/comments?post=9270"}],"version-history":[{"count":1,"href":"https:\/\/modextrem.com\/fr\/wp-json\/wp\/v2\/pages\/9270\/revisions"}],"predecessor-version":[{"id":9271,"href":"https:\/\/modextrem.com\/fr\/wp-json\/wp\/v2\/pages\/9270\/revisions\/9271"}],"wp:attachment":[{"href":"https:\/\/modextrem.com\/fr\/wp-json\/wp\/v2\/media?parent=9270"}],"curies":[{"name":"wp","href":"https:\/\/api.w.org\/{rel}","templated":true}]}}