{"id":9285,"date":"2026-03-13T20:34:37","date_gmt":"2026-03-13T20:34:37","guid":{"rendered":"https:\/\/modextrem.com\/politique-de-cookies\/"},"modified":"2026-03-13T20:37:12","modified_gmt":"2026-03-13T20:37:12","slug":"politique-de-cookies","status":"publish","type":"page","link":"https:\/\/modextrem.com\/fr\/politique-de-cookies\/","title":{"rendered":"Politique de cookies"},"content":{"rendered":"\t\t<div data-elementor-type=\"wp-page\" data-elementor-id=\"9285\" class=\"elementor elementor-9285 elementor-9274\" data-elementor-post-type=\"page\">\n\t\t\t\t<div class=\"elementor-element elementor-element-ca10276 e-flex e-con-boxed wpr-particle-no wpr-parallax-no wpr-sticky-section-no wpr-equal-height-no e-con e-parent\" data-id=\"ca10276\" data-element_type=\"container\" data-e-type=\"container\">\n\t\t\t\t\t<div class=\"e-con-inner\">\n\t\t\t\t<div class=\"elementor-element elementor-element-7087d94 elementor-widget elementor-widget-heading\" data-id=\"7087d94\" data-element_type=\"widget\" data-e-type=\"widget\" data-widget_type=\"heading.default\">\n\t\t\t\t<div class=\"elementor-widget-container\">\n\t\t\t\t\t<h2 class=\"elementor-heading-title elementor-size-default\">Politique de cookies<\/h2>\t\t\t\t<\/div>\n\t\t\t\t<\/div>\n\t\t\t\t<div class=\"elementor-element elementor-element-ff46616 elementor-widget elementor-widget-text-editor\" data-id=\"ff46616\" data-element_type=\"widget\" data-e-type=\"widget\" data-widget_type=\"text-editor.default\">\n\t\t\t\t<div class=\"elementor-widget-container\">\n\t\t\t\t\t\t\t\t\t<p data-start=\"213\" data-end=\"401\">Cette politique de cookies a \u00e9t\u00e9 \u00e9labor\u00e9e pour informer les utilisateurs qui visitent le site web <strong data-start=\"234\" data-end=\"275\"><span class=\"hover:entity-accent entity-underline inline cursor-pointer align-baseline\"><span class=\"whitespace-normal\">Mod Extrem<\/span><\/span><\/strong> sur les cookies plac\u00e9s dans leurs navigateurs.<\/p><p data-start=\"403\" data-end=\"474\">En visitant notre site web, vous acceptez lutilisation des cookies.<\/p><hr data-start=\"476\" data-end=\"479\"><h2 data-section-id=\"luyq7v\" data-start=\"481\" data-end=\"508\">1. Quest-ce quun cookie ?<\/h2><p data-start=\"510\" data-end=\"635\">Les cookies sont de petits fichiers de donn\u00e9es enregistr\u00e9s sur votre appareil via votre navigateur par les sites web que vous visitez.<\/p><p data-start=\"637\" data-end=\"670\">Gr\u00e2ce \u00e0 ces fichiers, le site web peut :<\/p><ul data-start=\"672\" data-end=\"791\"><li data-section-id=\"t1on3t\" data-start=\"672\" data-end=\"713\"><p data-start=\"674\" data-end=\"713\">m\u00e9moriser les pr\u00e9f\u00e9rences de lutilisateur<\/p><\/li><li data-section-id=\"1xyzl0p\" data-start=\"714\" data-end=\"752\"><p data-start=\"716\" data-end=\"752\">analyser les performances du site<\/p><\/li><li data-section-id=\"1ojojcz\" data-start=\"753\" data-end=\"791\"><p data-start=\"755\" data-end=\"791\">am\u00e9liorer lexp\u00e9rience utilisateur.<\/p><\/li><\/ul><p data-start=\"793\" data-end=\"901\">Les cookies nidentifient pas directement vos donn\u00e9es personnelles, mais peuvent \u00eatre utilis\u00e9s pour am\u00e9liorer votre utilisation du site.<\/p><hr data-start=\"903\" data-end=\"906\"><h2 data-section-id=\"x35nml\" data-start=\"908\" data-end=\"938\">2. Types de cookies utilis\u00e9s<\/h2><p data-start=\"940\" data-end=\"993\">Les types de cookies suivants peuvent \u00eatre utilis\u00e9s sur notre site web.<\/p><h3 data-section-id=\"136jd9z\" data-start=\"995\" data-end=\"1015\">Cookies obligatoires<\/h3><p data-start=\"1016\" data-end=\"1081\">Ces cookies sont n\u00e9cessaires au bon fonctionnement du site web.<\/p><p data-start=\"1083\" data-end=\"1091\">Par exemple :<\/p><ul data-start=\"1093\" data-end=\"1161\"><li data-section-id=\"1mg0xdy\" data-start=\"1093\" data-end=\"1118\"><p data-start=\"1095\" data-end=\"1118\">processus de connexion<\/p><\/li><li data-section-id=\"1m0c91b\" data-start=\"1119\" data-end=\"1138\"><p data-start=\"1121\" data-end=\"1138\">op\u00e9rations de panier<\/p><\/li><li data-section-id=\"1y3r9h9\" data-start=\"1139\" data-end=\"1161\"><p data-start=\"1141\" data-end=\"1161\">contr\u00f4les de s\u00e9curit\u00e9<\/p><\/li><\/ul><p data-start=\"1163\" data-end=\"1235\">Si ces cookies sont d\u00e9sactiv\u00e9s, le site peut ne pas remplir certaines de ses fonctions.<\/p><hr data-start=\"1237\" data-end=\"1240\"><h3 data-section-id=\"176hjlg\" data-start=\"1242\" data-end=\"1276\">Cookies de performance et danalyse<\/h3><p data-start=\"1278\" data-end=\"1377\">Ces cookies sont utilis\u00e9s pour mesurer les performances du site et analyser le comportement des utilisateurs.<\/p><p data-start=\"1379\" data-end=\"1387\">Par exemple :<\/p><ul data-start=\"1389\" data-end=\"1469\"><li data-section-id=\"1pes7yu\" data-start=\"1389\" data-end=\"1409\"><p data-start=\"1391\" data-end=\"1409\">nombre de visiteurs<\/p><\/li><li data-section-id=\"jyfhft\" data-start=\"1410\" data-end=\"1436\"><p data-start=\"1412\" data-end=\"1436\">temps pass\u00e9 sur la page<\/p><\/li><li data-section-id=\"12uevo4\" data-start=\"1437\" data-end=\"1469\"><p data-start=\"1439\" data-end=\"1469\">pages les plus visit\u00e9es<\/p><\/li><\/ul><p data-start=\"1471\" data-end=\"1511\">Ces informations sont analys\u00e9es de mani\u00e8re anonyme.<\/p><hr data-start=\"1513\" data-end=\"1516\"><h3 data-section-id=\"1izr714\" data-start=\"1518\" data-end=\"1539\">Cookies fonctionnels<\/h3><p data-start=\"1541\" data-end=\"1603\">Ces cookies sont utilis\u00e9s pour m\u00e9moriser les pr\u00e9f\u00e9rences de lutilisateur.<\/p><p data-start=\"1605\" data-end=\"1613\">Par exemple :<\/p><ul data-start=\"1615\" data-end=\"1680\"><li data-section-id=\"1gp7biy\" data-start=\"1615\" data-end=\"1633\"><p data-start=\"1617\" data-end=\"1633\">pr\u00e9f\u00e9rences linguistiques<\/p><\/li><li data-section-id=\"1x5vrd2\" data-start=\"1634\" data-end=\"1651\"><p data-start=\"1636\" data-end=\"1651\">param\u00e8tres du site<\/p><\/li><li data-section-id=\"1fldx51\" data-start=\"1652\" data-end=\"1680\"><p data-start=\"1654\" data-end=\"1680\">informations de session utilisateur<\/p><\/li><\/ul><hr data-start=\"1682\" data-end=\"1685\"><h3 data-section-id=\"180mrl9\" data-start=\"1687\" data-end=\"1720\">Cookies publicitaires et marketing<\/h3><p data-start=\"1722\" data-end=\"1809\">Ces cookies peuvent \u00eatre utilis\u00e9s pour afficher du contenu et des publicit\u00e9s plus pertinents pour lutilisateur.<\/p><p data-start=\"1811\" data-end=\"1874\">Ils peuvent \u00eatre plac\u00e9s par des fournisseurs de services tiers.<\/p><hr data-start=\"1876\" data-end=\"1879\"><h2 data-section-id=\"11biud4\" data-start=\"1881\" data-end=\"1906\">3. Contr\u00f4le des cookies<\/h2><p data-start=\"1908\" data-end=\"1985\">Les utilisateurs peuvent contr\u00f4ler ou supprimer les cookies via les param\u00e8tres de leur navigateur.<\/p><p data-start=\"1987\" data-end=\"2101\">La plupart des navigateurs Internet acceptent automatiquement les cookies, mais vous pouvez effectuer les op\u00e9rations suivantes si vous le souhaitez :<\/p><ul data-start=\"2103\" data-end=\"2206\"><li data-section-id=\"18ydnri\" data-start=\"2103\" data-end=\"2134\"><p data-start=\"2105\" data-end=\"2134\">Bloquer compl\u00e8tement les cookies<\/p><\/li><li data-section-id=\"1vpvpez\" data-start=\"2135\" data-end=\"2154\"><p data-start=\"2137\" data-end=\"2154\">Supprimer les cookies<\/p><\/li><li data-section-id=\"p4v939\" data-start=\"2155\" data-end=\"2206\"><p data-start=\"2157\" data-end=\"2206\">D\u00e9sactiver les cookies pour certains sites<\/p><\/li><\/ul><p data-start=\"2208\" data-end=\"2307\">Si vous modifiez les param\u00e8tres de votre navigateur, certaines fonctionnalit\u00e9s du site web risquent de ne pas fonctionner correctement.<\/p><hr data-start=\"2309\" data-end=\"2312\"><h2 data-section-id=\"1qc5l19\" data-start=\"2314\" data-end=\"2341\">4. Cookies tiers<\/h2><p data-start=\"2343\" data-end=\"2434\">Notre site web peut contenir des cookies utilis\u00e9s par des fournisseurs de services tiers.<\/p><p data-start=\"2436\" data-end=\"2478\">Ceux-ci sont g\u00e9n\u00e9ralement utilis\u00e9s aux fins suivantes :<\/p><ul data-start=\"2480\" data-end=\"2551\"><li data-section-id=\"1q8fwrf\" data-start=\"2480\" data-end=\"2496\"><p data-start=\"2482\" data-end=\"2496\">analyse du site<\/p><\/li><li data-section-id=\"slime1\" data-start=\"2497\" data-end=\"2518\"><p data-start=\"2499\" data-end=\"2518\">infrastructures de paiement<\/p><\/li><li data-section-id=\"q7854b\" data-start=\"2519\" data-end=\"2551\"><p data-start=\"2521\" data-end=\"2551\">services de publicit\u00e9 et de marketing<\/p><\/li><\/ul><p data-start=\"2553\" data-end=\"2634\">Lutilisation de ces cookies est soumise aux politiques de confidentialit\u00e9 des tiers concern\u00e9s.<\/p><hr data-start=\"2636\" data-end=\"2639\"><h2 data-section-id=\"bs0211\" data-start=\"2641\" data-end=\"2670\">5. Modifications de la politique<\/h2><p data-start=\"2672\" data-end=\"2796\">Cette politique de cookies peut \u00eatre mise \u00e0 jour si n\u00e9cessaire. La politique actuelle entre en vigueur \u00e0 la date de sa publication sur le site web. <\/p><hr data-start=\"2798\" data-end=\"2801\"><h2 data-section-id=\"v3owte\" data-start=\"2803\" data-end=\"2817\">6. Contact<\/h2><p data-start=\"2819\" data-end=\"2895\">Pour toute question concernant la politique de cookies, vous pouvez nous contacter.<\/p>\t\t\t\t\t\t\t\t<\/div>\n\t\t\t\t<\/div>\n\t\t\t\t\t<\/div>\n\t\t\t\t<\/div>\n\t\t\t\t<\/div>\n\t\t","protected":false},"excerpt":{"rendered":"<p>Politique de cookies Cette politique de cookies a \u00e9t\u00e9 \u00e9labor\u00e9e pour informer les utilisateurs qui visitent le site web Mod Extrem sur les cookies plac\u00e9s dans leurs navigateurs. En visitant notre site web, vous acceptez lutilisation des cookies. 1. Quest-ce quun cookie ? Les cookies sont de petits fichiers de donn\u00e9es enregistr\u00e9s sur votre appareil via votre navigateur par les sites web que vous visitez. Gr\u00e2ce \u00e0 ces fichiers, le site web peut : m\u00e9moriser les pr\u00e9f\u00e9rences de lutilisateur analyser les performances du site am\u00e9liorer lexp\u00e9rience utilisateur. Les cookies nidentifient pas directement vos donn\u00e9es personnelles, mais peuvent \u00eatre utilis\u00e9s pour am\u00e9liorer votre utilisation du site. 2. Types de cookies utilis\u00e9s Les types de cookies suivants peuvent \u00eatre utilis\u00e9s sur notre site web. Cookies obligatoires Ces cookies sont n\u00e9cessaires au bon fonctionnement du site web. Par exemple : processus de connexion op\u00e9rations de panier contr\u00f4les de s\u00e9curit\u00e9 Si ces cookies sont d\u00e9sactiv\u00e9s, le site peut ne pas remplir certaines de ses fonctions. Cookies de performance et danalyse Ces cookies sont utilis\u00e9s pour mesurer les performances du site et analyser le comportement des utilisateurs. Par exemple : nombre de visiteurs temps pass\u00e9 sur la page pages les plus visit\u00e9es Ces informations sont analys\u00e9es de mani\u00e8re anonyme. Cookies fonctionnels Ces cookies sont utilis\u00e9s pour m\u00e9moriser les pr\u00e9f\u00e9rences de lutilisateur. Par exemple : pr\u00e9f\u00e9rences linguistiques param\u00e8tres du site informations de session utilisateur Cookies publicitaires et marketing Ces cookies peuvent \u00eatre utilis\u00e9s pour afficher du contenu et des publicit\u00e9s plus pertinents pour lutilisateur. Ils peuvent \u00eatre plac\u00e9s par des fournisseurs de services tiers. 3. Contr\u00f4le des cookies Les utilisateurs peuvent contr\u00f4ler ou supprimer les cookies via les param\u00e8tres de leur navigateur. La plupart des navigateurs Internet acceptent automatiquement les cookies, mais vous pouvez effectuer les op\u00e9rations suivantes si vous le souhaitez : Bloquer compl\u00e8tement les cookies Supprimer les cookies D\u00e9sactiver les cookies pour certains sites Si vous modifiez les param\u00e8tres de votre navigateur, certaines fonctionnalit\u00e9s du site web risquent de ne pas fonctionner correctement. 4. Cookies tiers Notre site web peut contenir des cookies utilis\u00e9s par des fournisseurs de services tiers. Ceux-ci sont g\u00e9n\u00e9ralement utilis\u00e9s aux fins suivantes : analyse du site infrastructures de paiement services de publicit\u00e9 et de marketing Lutilisation de ces cookies est soumise aux politiques de confidentialit\u00e9 des tiers concern\u00e9s. 5. Modifications de la politique Cette politique de cookies peut \u00eatre mise \u00e0 jour si n\u00e9cessaire. La politique actuelle entre en vigueur \u00e0 la date de sa publication sur le site web. 6. Contact Pour toute question concernant la politique de cookies, vous pouvez nous contacter.<\/p>\n","protected":false},"author":1,"featured_media":0,"parent":0,"menu_order":0,"comment_status":"closed","ping_status":"closed","template":"","meta":{"site-sidebar-layout":"no-sidebar","site-content-layout":"","ast-site-content-layout":"full-width-container","site-content-style":"default","site-sidebar-style":"default","ast-global-header-display":"","ast-banner-title-visibility":"","ast-main-header-display":"","ast-hfb-above-header-display":"","ast-hfb-below-header-display":"","ast-hfb-mobile-header-display":"","site-post-title":"","ast-breadcrumbs-content":"","ast-featured-img":"disabled","footer-sml-layout":"","ast-disable-related-posts":"","theme-transparent-header-meta":"","adv-header-id-meta":"","stick-header-meta":"","header-above-stick-meta":"","header-main-stick-meta":"","header-below-stick-meta":"","astra-migrate-meta-layouts":"default","ast-page-background-enabled":"default","ast-page-background-meta":{"desktop":{"background-color":"var(--ast-global-color-5)","background-image":"","background-repeat":"repeat","background-position":"center center","background-size":"auto","background-attachment":"scroll","background-type":"","background-media":"","overlay-type":"","overlay-color":"","overlay-opacity":"","overlay-gradient":""},"tablet":{"background-color":"","background-image":"","background-repeat":"repeat","background-position":"center center","background-size":"auto","background-attachment":"scroll","background-type":"","background-media":"","overlay-type":"","overlay-color":"","overlay-opacity":"","overlay-gradient":""},"mobile":{"background-color":"","background-image":"","background-repeat":"repeat","background-position":"center center","background-size":"auto","background-attachment":"scroll","background-type":"","background-media":"","overlay-type":"","overlay-color":"","overlay-opacity":"","overlay-gradient":""}},"ast-content-background-meta":{"desktop":{"background-color":"var(--ast-global-color-4)","background-image":"","background-repeat":"repeat","background-position":"center center","background-size":"auto","background-attachment":"scroll","background-type":"","background-media":"","overlay-type":"","overlay-color":"","overlay-opacity":"","overlay-gradient":""},"tablet":{"background-color":"var(--ast-global-color-4)","background-image":"","background-repeat":"repeat","background-position":"center center","background-size":"auto","background-attachment":"scroll","background-type":"","background-media":"","overlay-type":"","overlay-color":"","overlay-opacity":"","overlay-gradient":""},"mobile":{"background-color":"var(--ast-global-color-4)","background-image":"","background-repeat":"repeat","background-position":"center center","background-size":"auto","background-attachment":"scroll","background-type":"","background-media":"","overlay-type":"","overlay-color":"","overlay-opacity":"","overlay-gradient":""}},"footnotes":""},"class_list":["post-9285","page","type-page","status-publish","hentry"],"acf":[],"_links":{"self":[{"href":"https:\/\/modextrem.com\/fr\/wp-json\/wp\/v2\/pages\/9285","targetHints":{"allow":["GET"]}}],"collection":[{"href":"https:\/\/modextrem.com\/fr\/wp-json\/wp\/v2\/pages"}],"about":[{"href":"https:\/\/modextrem.com\/fr\/wp-json\/wp\/v2\/types\/page"}],"author":[{"embeddable":true,"href":"https:\/\/modextrem.com\/fr\/wp-json\/wp\/v2\/users\/1"}],"replies":[{"embeddable":true,"href":"https:\/\/modextrem.com\/fr\/wp-json\/wp\/v2\/comments?post=9285"}],"version-history":[{"count":1,"href":"https:\/\/modextrem.com\/fr\/wp-json\/wp\/v2\/pages\/9285\/revisions"}],"predecessor-version":[{"id":9286,"href":"https:\/\/modextrem.com\/fr\/wp-json\/wp\/v2\/pages\/9285\/revisions\/9286"}],"wp:attachment":[{"href":"https:\/\/modextrem.com\/fr\/wp-json\/wp\/v2\/media?parent=9285"}],"curies":[{"name":"wp","href":"https:\/\/api.w.org\/{rel}","templated":true}]}}