{"id":4607,"date":"2025-09-13T16:01:24","date_gmt":"2025-09-13T16:01:24","guid":{"rendered":"https:\/\/modextrem.com\/urun\/istanbul-ucmakdere-parapente-tour-en-quad\/"},"modified":"2025-09-13T16:01:24","modified_gmt":"2025-09-13T16:01:24","slug":"istanbul-ucmakdere-parapente-tour-en-quad","status":"publish","type":"product","link":"https:\/\/modextrem.com\/fr\/urun\/istanbul-ucmakdere-parapente-tour-en-quad\/","title":{"rendered":"Istanbul &gt; U\u00e7makdere Parapente &amp; Tour en Quad"},"content":{"rendered":"<p data-start=\"1163\" data-end=\"1182\"><strong data-start=\"1163\" data-end=\"1180\">Programme de l&rsquo;excursion :<\/strong><\/p>\n<ul data-start=\"1183\" data-end=\"1525\">\n<li data-start=\"1183\" data-end=\"1213\">\n<p data-start=\"1185\" data-end=\"1213\">D\u00e9part d&rsquo;Istanbul \u00e0 08h00<\/p>\n<\/li>\n<li data-start=\"1214\" data-end=\"1236\">\n<p data-start=\"1216\" data-end=\"1236\">Arriv\u00e9e \u00e0 U\u00e7makdere<\/p>\n<\/li>\n<li data-start=\"1237\" data-end=\"1448\">\n<p data-start=\"1239\" data-end=\"1262\">Vol en parapente :<\/p>\n<ul data-start=\"1265\" data-end=\"1448\">\n<li data-start=\"1265\" data-end=\"1346\">\n<p data-start=\"1267\" data-end=\"1346\">Piste de 250 m \u2192 vol d&rsquo;initiation court (pas d&rsquo;acrobaties, le contr\u00f4le ne t&rsquo;est pas transf\u00e9r\u00e9)<\/p>\n<\/li>\n<li data-start=\"1349\" data-end=\"1448\">\n<p data-start=\"1351\" data-end=\"1448\">Piste de 650 m \u2192 vol long, acrobaties et transfert de contr\u00f4le possibles, plus de photos\/vid\u00e9os<\/p>\n<\/li>\n<\/ul>\n<\/li>\n<li data-start=\"1449\" data-end=\"1498\">\n<p data-start=\"1451\" data-end=\"1498\">Tour en safari VTT : (30 min, 1 heure et 2 heures)<\/p>\n<\/li>\n<li data-start=\"1499\" data-end=\"1525\">\n<p data-start=\"1501\" data-end=\"1525\">Temps libre et retour \u00e0 18h00<\/p>\n<\/li>\n<\/ul>\n<p data-start=\"1646\" data-end=\"1679\"><strong data-start=\"1646\" data-end=\"1677\">Conditions d&rsquo;annulation &amp; de report :<\/strong><\/p>\n<ul data-start=\"1680\" data-end=\"1905\">\n<li data-start=\"1680\" data-end=\"1796\">\n<p data-start=\"1682\" data-end=\"1796\">L&rsquo;excursion a lieu avec un minimum de 15<strong data-start=\"1692\" data-end=\"1702\"> personnes<\/strong>. Si le nombre de participants est insuffisant, le montant est rembours\u00e9 ou report\u00e9 \u00e0 l&rsquo;excursion suivante. <\/p>\n<\/li>\n<li data-start=\"1797\" data-end=\"1905\">\n<p data-start=\"1799\" data-end=\"1836\">Si les conditions m\u00e9t\u00e9orologiques ne sont pas favorables au vol, l&rsquo;excursion est annul\u00e9e : le montant est rembours\u00e9 ou report\u00e9 \u00e0 l&rsquo;excursion suivante.<\/p>\n<\/li>\n<\/ul>\n<p data-start=\"1907\" data-end=\"1927\"><strong data-start=\"1907\" data-end=\"1925\">Inclus :<\/strong><\/p>\n<ul data-start=\"1928\" data-end=\"2046\">\n<li data-start=\"1928\" data-end=\"1959\">\n<p data-start=\"1930\" data-end=\"1959\">Transport Istanbul \u2013 U\u00e7makdere<\/p>\n<\/li>\n<li data-start=\"1960\" data-end=\"2008\">\n<p data-start=\"1962\" data-end=\"2008\">Pilotes professionnels et \u00e9quipements de s\u00e9curit\u00e9<\/p>\n<\/li>\n<li data-start=\"2009\" data-end=\"2046\">\n<p data-start=\"2011\" data-end=\"2046\">Photos et vid\u00e9os GoPro<\/p>\n<\/li>\n<\/ul>\n<p data-start=\"2048\" data-end=\"2071\"><strong data-start=\"2048\" data-end=\"2069\">Non inclus :<\/strong><\/p>\n<ul data-start=\"2072\" data-end=\"2102\">\n<li data-start=\"2072\" data-end=\"2102\">\n<p data-start=\"2074\" data-end=\"2102\">Repas &amp; d\u00e9penses personnelles<\/p>\n<\/li>\n<\/ul>\n","protected":false},"excerpt":{"rendered":"<p>Fais un vol en parapente (250 m ou 650 m) dans le paysage unique d&rsquo;U\u00e7makdere avec notre excursion au d\u00e9part d&rsquo;Istanbul tous les dimanches. Une option safari VTT est \u00e9galement disponible pour ceux qui le souhaitent. <\/p>\n","protected":false},"featured_media":4608,"comment_status":"closed","ping_status":"closed","template":"","meta":{"site-sidebar-layout":"default","site-content-layout":"","ast-site-content-layout":"default","site-content-style":"default","site-sidebar-style":"default","ast-global-header-display":"","ast-banner-title-visibility":"","ast-main-header-display":"","ast-hfb-above-header-display":"","ast-hfb-below-header-display":"","ast-hfb-mobile-header-display":"","site-post-title":"","ast-breadcrumbs-content":"","ast-featured-img":"","footer-sml-layout":"","ast-disable-related-posts":"","theme-transparent-header-meta":"default","adv-header-id-meta":"","stick-header-meta":"default","header-above-stick-meta":"","header-main-stick-meta":"","header-below-stick-meta":"","astra-migrate-meta-layouts":"default","ast-page-background-enabled":"default","ast-page-background-meta":{"desktop":{"background-color":"var(--ast-global-color-5)","background-image":"","background-repeat":"repeat","background-position":"center center","background-size":"auto","background-attachment":"scroll","background-type":"","background-media":"","overlay-type":"","overlay-color":"","overlay-opacity":"","overlay-gradient":""},"tablet":{"background-color":"","background-image":"","background-repeat":"repeat","background-position":"center center","background-size":"auto","background-attachment":"scroll","background-type":"","background-media":"","overlay-type":"","overlay-color":"","overlay-opacity":"","overlay-gradient":""},"mobile":{"background-color":"","background-image":"","background-repeat":"repeat","background-position":"center center","background-size":"auto","background-attachment":"scroll","background-type":"","background-media":"","overlay-type":"","overlay-color":"","overlay-opacity":"","overlay-gradient":""}},"ast-content-background-meta":{"desktop":{"background-color":"var(--ast-global-color-4)","background-image":"","background-repeat":"repeat","background-position":"center center","background-size":"auto","background-attachment":"scroll","background-type":"","background-media":"","overlay-type":"","overlay-color":"","overlay-opacity":"","overlay-gradient":""},"tablet":{"background-color":"var(--ast-global-color-4)","background-image":"","background-repeat":"repeat","background-position":"center center","background-size":"auto","background-attachment":"scroll","background-type":"","background-media":"","overlay-type":"","overlay-color":"","overlay-opacity":"","overlay-gradient":""},"mobile":{"background-color":"var(--ast-global-color-4)","background-image":"","background-repeat":"repeat","background-position":"center center","background-size":"auto","background-attachment":"scroll","background-type":"","background-media":"","overlay-type":"","overlay-color":"","overlay-opacity":"","overlay-gradient":""}}},"product_brand":[],"product_cat":[406,1914],"product_tag":[1939,1941,1940,1916,1929,1925,1919,1931,1937,1934,1942,1918,1921,1679,1917,1924,1928,1926,1938,1935,1944,1933,1927,1915,1932,1936,1943,1920,1922,1923,1930],"class_list":{"0":"post-4607","1":"product","2":"type-product","3":"status-publish","4":"has-post-thumbnail","6":"product_cat-non-classe","7":"product_cat-tour-en-vtt","8":"product_tag-bus-istanbul-ucmakdere","9":"product_tag-excursion-dune-journee-distanbul-a-ucmakdere","10":"product_tag-excursion-en-minibus-distanbul-a-ucmakdere","11":"product_tag-excursion-istanbul-ucmakdere","12":"product_tag-excursion-parapente-et-vtt","13":"product_tag-excursion-parapente-istanbul","14":"product_tag-excursion-parapente-ucmakdere","15":"product_tag-forfaits-touristiques-ucmakdere","16":"product_tag-navette-distanbul-a-ucmakdere","17":"product_tag-navette-istanbul-ucmakdere","18":"product_tag-navette-parapente-istanbul-tekirdag","19":"product_tag-parapente-au-depart-distanbul","20":"product_tag-parapente-distanbul-a-ucmakdere","21":"product_tag-parapente-tekirdag","22":"product_tag-parapente-ucmakdere-2","23":"product_tag-prix-parapente-ucmakdere","24":"product_tag-safari-vtt-tekirdag","25":"product_tag-safari-vtt-ucmakdere","26":"product_tag-service-dexcursion-ucmakdere","27":"product_tag-service-de-transport-ucmakdere","28":"product_tag-service-prive-distanbul-a-ucmakdere","29":"product_tag-sports-extremes-ucmakdere","30":"product_tag-tour-en-vtt-au-depart-distanbul","31":"product_tag-tour-en-vtt-ucmakdere","32":"product_tag-tours-nature-au-depart-distanbul","33":"product_tag-transfert-distanbul-a-ucmakdere","34":"product_tag-transport-et-excursion-istanbul-ucmakdere","35":"product_tag-vol-tandem-ucmakdere","36":"product_tag-vol-ucmakdere-250-metres","37":"product_tag-vol-ucmakdere-650-metres","38":"product_tag-vtt-et-parapente-distanbul-a-ucmakdere","39":"desktop-align-left","40":"tablet-align-left","41":"mobile-align-left","43":"first","44":"instock","45":"taxable","46":"shipping-taxable","47":"purchasable","48":"product-type-variable"},"acf":[],"_links":{"self":[{"href":"https:\/\/modextrem.com\/fr\/wp-json\/wp\/v2\/product\/4607","targetHints":{"allow":["GET"]}}],"collection":[{"href":"https:\/\/modextrem.com\/fr\/wp-json\/wp\/v2\/product"}],"about":[{"href":"https:\/\/modextrem.com\/fr\/wp-json\/wp\/v2\/types\/product"}],"replies":[{"embeddable":true,"href":"https:\/\/modextrem.com\/fr\/wp-json\/wp\/v2\/comments?post=4607"}],"wp:featuredmedia":[{"embeddable":true,"href":"https:\/\/modextrem.com\/fr\/wp-json\/wp\/v2\/media\/4608"}],"wp:attachment":[{"href":"https:\/\/modextrem.com\/fr\/wp-json\/wp\/v2\/media?parent=4607"}],"wp:term":[{"taxonomy":"product_brand","embeddable":true,"href":"https:\/\/modextrem.com\/fr\/wp-json\/wp\/v2\/product_brand?post=4607"},{"taxonomy":"product_cat","embeddable":true,"href":"https:\/\/modextrem.com\/fr\/wp-json\/wp\/v2\/product_cat?post=4607"},{"taxonomy":"product_tag","embeddable":true,"href":"https:\/\/modextrem.com\/fr\/wp-json\/wp\/v2\/product_tag?post=4607"}],"curies":[{"name":"wp","href":"https:\/\/api.w.org\/{rel}","templated":true}]}}