{"id":4642,"date":"2025-09-07T07:14:12","date_gmt":"2025-09-07T07:14:12","guid":{"rendered":"https:\/\/modextrem.com\/urun\/safari-en-vtt-a-ucmakdere-tour-de-2-heures\/"},"modified":"2026-03-17T18:34:13","modified_gmt":"2026-03-17T18:34:13","slug":"safari-en-vtt-a-ucmakdere-tour-de-2-heures","status":"publish","type":"product","link":"https:\/\/modextrem.com\/fr\/urun\/safari-en-vtt-a-ucmakdere-tour-de-2-heures\/","title":{"rendered":"Safari en VTT \u00e0 U\u00e7makdere \u2013 Tour de 2 heures"},"content":{"rendered":"<p id=\"1oksh820\" class=\"xP3DS S2U8x\" data-pm-slice=\"1 1 []\">Dans la nature unique d&rsquo;U\u00e7makdere, pars pour un safari complet en VTT de 2 heures, accompagn\u00e9 d&rsquo;un guide !<\/p>\n<p id=\"2ziph822\" class=\"xP3DS S2U8x\">De longs parcours en for\u00eat, des points de vue \u00e0 couper le souffle, des collines \u00e9lev\u00e9es et beaucoup d&rsquo;action ! Pendant ce tour d&rsquo;1 heure, tu repousseras les limites de l&rsquo;adr\u00e9naline et vivras une exp\u00e9rience inoubliable en pleine nature. Des vid\u00e9os et photos sont prises tout au long du tour avec une GoPro professionnelle. Tous les contenus multim\u00e9dias te sont remis \u00e0 la fin du tour.   <\/p>\n<p id=\"g6gti824\" class=\"xP3DS S2U8x\"><strong>Inclus dans le prix :<\/strong>\u2705 Safari guid\u00e9 d&rsquo;1 heure\u2705 Utilisation d&rsquo;un VTT automatique 150 cc\u2705 Prise de photos &amp; vid\u00e9os\u2705 Services WC, parking, fast-food &amp; boissons<\/p>\n<p id=\"htpw9827\" class=\"xP3DS S2U8x\"><strong>Conditions d&rsquo;utilisation :<\/strong><\/p>\n<div>\n<ul id=\"6tkmj829\" class=\"ZKgOy\">\n<li id=\"5x17b830\" class=\"O3pBQ\" dir=\"auto\">\n<p id=\"zvy7u831\" class=\"xP3DS S2U8x\">Un permis de conduire de cat\u00e9gorie B est requis.<\/p>\n<\/li>\n<li id=\"lr6q6833\" class=\"O3pBQ\" dir=\"auto\">\n<p id=\"wm4tv834\" class=\"xP3DS S2U8x\">Un VTT peut accueillir un maximum de 2 personnes, le poids total ne doit pas d\u00e9passer 150 kg.<\/p>\n<\/li>\n<li id=\"xculy836\" class=\"O3pBQ\" dir=\"auto\">\n<p id=\"zjcko837\" class=\"xP3DS S2U8x\">Les r\u00e8gles de s\u00e9curit\u00e9 sont strictement appliqu\u00e9es. D\u00e9passer le guide, faire du drift ou conduire dangereusement est interdit. Dans de tels cas, le tour sera annul\u00e9.  <\/p>\n<\/li>\n<\/ul>\n<\/div>\n<p id=\"ff6y9839\" class=\"xP3DS S2U8x\"><strong>Conseils de pr\u00e9paration :<\/strong>Les parcours peuvent \u00eatre poussi\u00e9reux. Il est recommand\u00e9 de venir avec des v\u00eatements confortables, des lunettes de soleil et des \u00e9quipements de protection comme un buff. <\/p>\n<p id=\"v1mwt842\" class=\"xP3DS S2U8x\"><strong>\u26a0\ufe0f Apr\u00e8s l&rsquo;achat du billet, merci de nous contacter pour effectuer ta r\u00e9servation.<\/strong><\/p>\n<h3 id=\"4suc2844\" class=\"_6KnFc x7vSc\">\ud83d\udd39 <strong>Prix :<\/strong><\/h3>\n<p id=\"3pk57847\" class=\"xP3DS S2U8x\"><strong>1 VTT (2 personnes) : 4500 TL<\/strong><\/p>\n","protected":false},"excerpt":{"rendered":"<p>Avec le safari en VTT de 2 heures \u00e0 U\u00e7makdere, ressens la libert\u00e9 au c\u0153ur de la for\u00eat et sur des panoramas \u00e9lev\u00e9s. Photos + vid\u00e9os incluses ! <\/p>\n","protected":false},"featured_media":4991,"comment_status":"closed","ping_status":"closed","template":"","meta":{"site-sidebar-layout":"default","site-content-layout":"","ast-site-content-layout":"default","site-content-style":"default","site-sidebar-style":"default","ast-global-header-display":"","ast-banner-title-visibility":"","ast-main-header-display":"","ast-hfb-above-header-display":"","ast-hfb-below-header-display":"","ast-hfb-mobile-header-display":"","site-post-title":"","ast-breadcrumbs-content":"","ast-featured-img":"","footer-sml-layout":"","ast-disable-related-posts":"","theme-transparent-header-meta":"default","adv-header-id-meta":"","stick-header-meta":"default","header-above-stick-meta":"","header-main-stick-meta":"","header-below-stick-meta":"","astra-migrate-meta-layouts":"default","ast-page-background-enabled":"default","ast-page-background-meta":{"desktop":{"background-color":"var(--ast-global-color-5)","background-image":"","background-repeat":"repeat","background-position":"center center","background-size":"auto","background-attachment":"scroll","background-type":"","background-media":"","overlay-type":"","overlay-color":"","overlay-opacity":"","overlay-gradient":""},"tablet":{"background-color":"","background-image":"","background-repeat":"repeat","background-position":"center center","background-size":"auto","background-attachment":"scroll","background-type":"","background-media":"","overlay-type":"","overlay-color":"","overlay-opacity":"","overlay-gradient":""},"mobile":{"background-color":"","background-image":"","background-repeat":"repeat","background-position":"center center","background-size":"auto","background-attachment":"scroll","background-type":"","background-media":"","overlay-type":"","overlay-color":"","overlay-opacity":"","overlay-gradient":""}},"ast-content-background-meta":{"desktop":{"background-color":"var(--ast-global-color-4)","background-image":"","background-repeat":"repeat","background-position":"center center","background-size":"auto","background-attachment":"scroll","background-type":"","background-media":"","overlay-type":"","overlay-color":"","overlay-opacity":"","overlay-gradient":""},"tablet":{"background-color":"var(--ast-global-color-4)","background-image":"","background-repeat":"repeat","background-position":"center center","background-size":"auto","background-attachment":"scroll","background-type":"","background-media":"","overlay-type":"","overlay-color":"","overlay-opacity":"","overlay-gradient":""},"mobile":{"background-color":"var(--ast-global-color-4)","background-image":"","background-repeat":"repeat","background-position":"center center","background-size":"auto","background-attachment":"scroll","background-type":"","background-media":"","overlay-type":"","overlay-color":"","overlay-opacity":"","overlay-gradient":""}}},"product_brand":[],"product_cat":[1914],"product_tag":[2005,1915],"class_list":{"0":"post-4642","1":"product","2":"type-product","3":"status-publish","4":"has-post-thumbnail","6":"product_cat-tour-en-vtt","7":"product_tag-safari-en-vtt-a-ucmakdere","8":"product_tag-tour-en-vtt-ucmakdere","9":"desktop-align-left","10":"tablet-align-left","11":"mobile-align-left","13":"first","14":"instock","15":"taxable","16":"shipping-taxable","17":"purchasable","18":"product-type-variable"},"acf":[],"_links":{"self":[{"href":"https:\/\/modextrem.com\/fr\/wp-json\/wp\/v2\/product\/4642","targetHints":{"allow":["GET"]}}],"collection":[{"href":"https:\/\/modextrem.com\/fr\/wp-json\/wp\/v2\/product"}],"about":[{"href":"https:\/\/modextrem.com\/fr\/wp-json\/wp\/v2\/types\/product"}],"replies":[{"embeddable":true,"href":"https:\/\/modextrem.com\/fr\/wp-json\/wp\/v2\/comments?post=4642"}],"wp:featuredmedia":[{"embeddable":true,"href":"https:\/\/modextrem.com\/fr\/wp-json\/wp\/v2\/media\/4991"}],"wp:attachment":[{"href":"https:\/\/modextrem.com\/fr\/wp-json\/wp\/v2\/media?parent=4642"}],"wp:term":[{"taxonomy":"product_brand","embeddable":true,"href":"https:\/\/modextrem.com\/fr\/wp-json\/wp\/v2\/product_brand?post=4642"},{"taxonomy":"product_cat","embeddable":true,"href":"https:\/\/modextrem.com\/fr\/wp-json\/wp\/v2\/product_cat?post=4642"},{"taxonomy":"product_tag","embeddable":true,"href":"https:\/\/modextrem.com\/fr\/wp-json\/wp\/v2\/product_tag?post=4642"}],"curies":[{"name":"wp","href":"https:\/\/api.w.org\/{rel}","templated":true}]}}