{"id":4718,"date":"2025-08-16T11:20:30","date_gmt":"2025-08-16T11:20:30","guid":{"rendered":"https:\/\/modextrem.com\/urun\/tour-en-vtt-a-ucmakdere-30-minutes\/"},"modified":"2026-03-17T18:34:13","modified_gmt":"2026-03-17T18:34:13","slug":"tour-en-vtt-a-ucmakdere-30-minutes","status":"publish","type":"product","link":"https:\/\/modextrem.com\/fr\/urun\/tour-en-vtt-a-ucmakdere-30-minutes\/","title":{"rendered":"Tour en VTT \u00e0 U\u00e7makdere \u2013 30 minutes"},"content":{"rendered":"<p id=\"i42qc162\" class=\"xP3DS S2U8x\" data-pm-slice=\"1 1 []\">Avec Mod Extrem, es-tu pr\u00eat(e) pour une balade en VTT de 30 minutes pleine d&rsquo;\u00e9motions en pleine nature \u00e0 U\u00e7makdere ?<\/p>\n<p id=\"bkkkp164\" class=\"xP3DS S2U8x\">Lors de ce tour court mais inoubliable, tu atteindras des points de vue uniques sur la mer de Marmara et vivras une exp\u00e9rience de conduite s\u00e9curis\u00e9e en for\u00eat, accompagn\u00e9(e) d&rsquo;un guide. Nos VTT sont de 150 cc, automatiques et bien entretenus. Des vid\u00e9os et photos professionnelles sont prises avec GoPro tout au long du tour \u2013 tous tes souvenirs sont immortalis\u00e9s !  <\/p>\n<p id=\"g7gme166\" class=\"xP3DS S2U8x\"><strong>Inclus dans le prix :<\/strong>\u2705 Conduite guid\u00e9e de 30 minutes\u2705 Utilisation d&rsquo;un VTT automatique 150 cc\u2705 Prise de vue vid\u00e9o &amp; photo professionnelle\u2705 Acc\u00e8s WC, parking, boissons et espace fast-food<\/p>\n<p id=\"0ul8f169\" class=\"xP3DS S2U8x\"><strong>Notes :<\/strong><\/p>\n<div>\n<ul id=\"wwd3a171\" class=\"ZKgOy\">\n<li id=\"jkigl172\" class=\"O3pBQ\" dir=\"auto\">\n<p id=\"t6ifp173\" class=\"xP3DS S2U8x\">La personne qui conduira le VTT doit poss\u00e9der un permis de conduire de cat\u00e9gorie B.<\/p>\n<\/li>\n<li id=\"zdlk7175\" class=\"O3pBQ\" dir=\"auto\">\n<p id=\"03r5p176\" class=\"xP3DS S2U8x\">Un VTT peut accueillir un maximum de 2 personnes, le poids total ne doit pas d\u00e9passer 150 kg.<\/p>\n<\/li>\n<li id=\"uodjp178\" class=\"O3pBQ\" dir=\"auto\">\n<p id=\"upwzp179\" class=\"xP3DS S2U8x\">Un briefing de s\u00e9curit\u00e9 est effectu\u00e9, les conditions &amp; r\u00e8gles sont approuv\u00e9es par signature.<\/p>\n<\/li>\n<li id=\"138w2181\" class=\"O3pBQ\" dir=\"auto\">\n<p id=\"6sank182\" class=\"xP3DS S2U8x\">Il est strictement interdit de faire du drift, de d\u00e9passer le guide ou de rouler c\u00f4te \u00e0 c\u00f4te. Dans le cas contraire, le tour sera annul\u00e9. <\/p>\n<\/li>\n<\/ul>\n<\/div>\n<p id=\"fm4ba184\" class=\"xP3DS S2U8x\"><strong>\u26a0\ufe0f Apr\u00e8s l&rsquo;achat du billet, merci de nous contacter pour effectuer ta r\u00e9servation.<\/strong><\/p>\n<h3 id=\"mhg5c186\" class=\"_6KnFc x7vSc\">\ud83d\udd39 <strong>Prix :<\/strong><\/h3>\n<p id=\"6r1kb189\" class=\"xP3DS S2U8x\"><strong>1 VTT (2 personnes) : 1500 TL<\/strong><\/p>\n","protected":false},"excerpt":{"rendered":"<p>Un tour guid\u00e9 en VTT de 30 minutes sur les chemins forestiers d&rsquo;U\u00e7makdere ! Rencontre la nature avec une courte balade pleine d&rsquo;aventure et des prises de vue professionnelles. <\/p>\n","protected":false},"featured_media":5011,"comment_status":"closed","ping_status":"closed","template":"","meta":{"site-sidebar-layout":"default","site-content-layout":"","ast-site-content-layout":"default","site-content-style":"default","site-sidebar-style":"default","ast-global-header-display":"","ast-banner-title-visibility":"","ast-main-header-display":"","ast-hfb-above-header-display":"","ast-hfb-below-header-display":"","ast-hfb-mobile-header-display":"","site-post-title":"","ast-breadcrumbs-content":"","ast-featured-img":"","footer-sml-layout":"","ast-disable-related-posts":"","theme-transparent-header-meta":"default","adv-header-id-meta":"","stick-header-meta":"default","header-above-stick-meta":"","header-main-stick-meta":"","header-below-stick-meta":"","astra-migrate-meta-layouts":"default","ast-page-background-enabled":"default","ast-page-background-meta":{"desktop":{"background-color":"var(--ast-global-color-5)","background-image":"","background-repeat":"repeat","background-position":"center center","background-size":"auto","background-attachment":"scroll","background-type":"","background-media":"","overlay-type":"","overlay-color":"","overlay-opacity":"","overlay-gradient":""},"tablet":{"background-color":"","background-image":"","background-repeat":"repeat","background-position":"center center","background-size":"auto","background-attachment":"scroll","background-type":"","background-media":"","overlay-type":"","overlay-color":"","overlay-opacity":"","overlay-gradient":""},"mobile":{"background-color":"","background-image":"","background-repeat":"repeat","background-position":"center center","background-size":"auto","background-attachment":"scroll","background-type":"","background-media":"","overlay-type":"","overlay-color":"","overlay-opacity":"","overlay-gradient":""}},"ast-content-background-meta":{"desktop":{"background-color":"var(--ast-global-color-4)","background-image":"","background-repeat":"repeat","background-position":"center center","background-size":"auto","background-attachment":"scroll","background-type":"","background-media":"","overlay-type":"","overlay-color":"","overlay-opacity":"","overlay-gradient":""},"tablet":{"background-color":"var(--ast-global-color-4)","background-image":"","background-repeat":"repeat","background-position":"center center","background-size":"auto","background-attachment":"scroll","background-type":"","background-media":"","overlay-type":"","overlay-color":"","overlay-opacity":"","overlay-gradient":""},"mobile":{"background-color":"var(--ast-global-color-4)","background-image":"","background-repeat":"repeat","background-position":"center center","background-size":"auto","background-attachment":"scroll","background-type":"","background-media":"","overlay-type":"","overlay-color":"","overlay-opacity":"","overlay-gradient":""}}},"product_brand":[],"product_cat":[1914],"product_tag":[2005,1915],"class_list":{"0":"post-4718","1":"product","2":"type-product","3":"status-publish","4":"has-post-thumbnail","6":"product_cat-tour-en-vtt","7":"product_tag-safari-en-vtt-a-ucmakdere","8":"product_tag-tour-en-vtt-ucmakdere","9":"desktop-align-left","10":"tablet-align-left","11":"mobile-align-left","13":"first","14":"instock","15":"featured","16":"taxable","17":"shipping-taxable","18":"purchasable","19":"product-type-variable"},"acf":[],"_links":{"self":[{"href":"https:\/\/modextrem.com\/fr\/wp-json\/wp\/v2\/product\/4718","targetHints":{"allow":["GET"]}}],"collection":[{"href":"https:\/\/modextrem.com\/fr\/wp-json\/wp\/v2\/product"}],"about":[{"href":"https:\/\/modextrem.com\/fr\/wp-json\/wp\/v2\/types\/product"}],"replies":[{"embeddable":true,"href":"https:\/\/modextrem.com\/fr\/wp-json\/wp\/v2\/comments?post=4718"}],"wp:featuredmedia":[{"embeddable":true,"href":"https:\/\/modextrem.com\/fr\/wp-json\/wp\/v2\/media\/5011"}],"wp:attachment":[{"href":"https:\/\/modextrem.com\/fr\/wp-json\/wp\/v2\/media?parent=4718"}],"wp:term":[{"taxonomy":"product_brand","embeddable":true,"href":"https:\/\/modextrem.com\/fr\/wp-json\/wp\/v2\/product_brand?post=4718"},{"taxonomy":"product_cat","embeddable":true,"href":"https:\/\/modextrem.com\/fr\/wp-json\/wp\/v2\/product_cat?post=4718"},{"taxonomy":"product_tag","embeddable":true,"href":"https:\/\/modextrem.com\/fr\/wp-json\/wp\/v2\/product_tag?post=4718"}],"curies":[{"name":"wp","href":"https:\/\/api.w.org\/{rel}","templated":true}]}}