{"id":8969,"date":"2026-03-03T09:19:03","date_gmt":"2026-03-03T09:19:03","guid":{"rendered":"https:\/\/modextrem.com\/urun\/formation-de-parapente\/"},"modified":"2026-03-03T09:19:03","modified_gmt":"2026-03-03T09:19:03","slug":"formation-de-parapente","status":"publish","type":"product","link":"https:\/\/modextrem.com\/fr\/urun\/formation-de-parapente\/","title":{"rendered":"Formation de parapente"},"content":{"rendered":"<h2 data-start=\"665\" data-end=\"694\">\ud83d\udcda Contenu du programme de formation<\/h2>\n<h3 data-start=\"696\" data-end=\"745\">1\ufe0f\u20e3 1 jour de formation th\u00e9orique (en ligne ou en pr\u00e9sentiel)<\/h3>\n<ul data-start=\"747\" data-end=\"936\">\n<li data-start=\"747\" data-end=\"778\">\n<p data-start=\"749\" data-end=\"778\">Notions fondamentales d&rsquo;a\u00e9rodynamique<\/p>\n<\/li>\n<li data-start=\"779\" data-end=\"815\">\n<p data-start=\"781\" data-end=\"815\">Structure de l&rsquo;aile et pr\u00e9sentation de l&rsquo;\u00e9quipement<\/p>\n<\/li>\n<li data-start=\"816\" data-end=\"860\">\n<p data-start=\"818\" data-end=\"860\">M\u00e9t\u00e9orologie (vent, thermique, lecture m\u00e9t\u00e9o)<\/p>\n<\/li>\n<li data-start=\"861\" data-end=\"906\">\n<p data-start=\"863\" data-end=\"906\">S\u00e9curit\u00e9 des vols et proc\u00e9dures d&rsquo;urgence<\/p>\n<\/li>\n<li data-start=\"907\" data-end=\"936\">\n<p data-start=\"909\" data-end=\"936\">Techniques de d\u00e9collage et d&rsquo;atterrissage<\/p>\n<\/li>\n<\/ul>\n<p data-start=\"938\" data-end=\"984\">La formation th\u00e9orique peut se faire en ligne ou en pr\u00e9sentiel.<\/p>\n<hr data-start=\"986\" data-end=\"989\">\n<h3 data-start=\"991\" data-end=\"1040\">2\ufe0f\u20e3 1-2 jours de formation au sol (R\u00e9gion de Tekirda\u011f)<\/h3>\n<p data-start=\"1042\" data-end=\"1062\">\ud83d\udccd Zones de formation :<\/p>\n<ul data-start=\"1063\" data-end=\"1188\">\n<li data-start=\"1063\" data-end=\"1104\">\n<p data-start=\"1065\" data-end=\"1104\"><span class=\"hover:entity-accent entity-underline inline cursor-pointer align-baseline\"><span class=\"whitespace-normal\">\u00c7orlu<\/span><\/span><\/p>\n<\/li>\n<li data-start=\"1105\" data-end=\"1146\">\n<p data-start=\"1107\" data-end=\"1146\"><span class=\"hover:entity-accent entity-underline inline cursor-pointer align-baseline\"><span class=\"whitespace-normal\">Dereg\u00fcnd\u00fczl\u00fc<\/span><\/span><\/p>\n<\/li>\n<li data-start=\"1147\" data-end=\"1188\">\n<p data-start=\"1149\" data-end=\"1188\"><span class=\"hover:entity-accent entity-underline inline cursor-pointer align-baseline\"><span class=\"whitespace-normal\">U\u00e7makdere<\/span><\/span><\/p>\n<\/li>\n<\/ul>\n<p data-start=\"1190\" data-end=\"1208\">Lors des formations au sol :<\/p>\n<ul data-start=\"1210\" data-end=\"1332\">\n<li data-start=\"1210\" data-end=\"1236\">\n<p data-start=\"1212\" data-end=\"1236\">D\u00e9ploiement et pliage de la voile<\/p>\n<\/li>\n<li data-start=\"1237\" data-end=\"1256\">\n<p data-start=\"1239\" data-end=\"1256\">Contr\u00f4le du vent<\/p>\n<\/li>\n<li data-start=\"1257\" data-end=\"1290\">\n<p data-start=\"1259\" data-end=\"1290\">Techniques de d\u00e9collage en douceur<\/p>\n<\/li>\n<li data-start=\"1291\" data-end=\"1332\">\n<p data-start=\"1293\" data-end=\"1332\">Ma\u00eetrise de la voile et exercices d&rsquo;\u00e9quilibre<\/p>\n<\/li>\n<li>Vols d&rsquo;entra\u00eenement \u00e0 basse altitude<\/li>\n<\/ul>\n<p data-start=\"1334\" data-end=\"1369\">Cette \u00e9tape est la base d&rsquo;un vol s\u00fbr.<\/p>\n<hr data-start=\"1371\" data-end=\"1374\">\n<h3 data-start=\"1376\" data-end=\"1424\">3\ufe0f\u20e3 4 jours de formation en vol (en moyenne 10-12 vols)<\/h3>\n<p data-start=\"1426\" data-end=\"1482\">\ud83d\udccd Zone de vol : <span class=\"hover:entity-accent entity-underline inline cursor-pointer align-baseline\"><span class=\"whitespace-normal\">U\u00e7makdere<\/span><\/span><\/p>\n<ul data-start=\"1484\" data-end=\"1612\">\n<li data-start=\"1484\" data-end=\"1517\">\n<p data-start=\"1486\" data-end=\"1517\">Vols d&rsquo;entra\u00eenement \u00e0 haute altitude<\/p>\n<\/li>\n<li data-start=\"1518\" data-end=\"1557\">\n<p data-start=\"1520\" data-end=\"1557\">Guidage individuel assist\u00e9 par radio<\/p>\n<\/li>\n<li data-start=\"1558\" data-end=\"1585\">\n<p data-start=\"1560\" data-end=\"1585\">Application du plan d&rsquo;atterrissage<\/p>\n<\/li>\n<li data-start=\"1586\" data-end=\"1612\">\n<p data-start=\"1588\" data-end=\"1612\">Exercices d&rsquo;atterrissage de pr\u00e9cision<\/p>\n<\/li>\n<\/ul>\n<p data-start=\"1614\" data-end=\"1671\">Au cours de ce processus, une moyenne de <strong data-start=\"1634\" data-end=\"1653\">10-12 vols solo<\/strong> sont effectu\u00e9s.<\/p>\n<hr data-start=\"1673\" data-end=\"1676\">\n<h3 data-start=\"1678\" data-end=\"1728\">4\ufe0f\u20e3 2 jours de vols de certification (10-12 vols)<\/h3>\n<p data-start=\"1730\" data-end=\"1779\">\ud83d\udccd R\u00e9gion : <span class=\"hover:entity-accent entity-underline inline cursor-pointer align-baseline\"><span class=\"whitespace-normal\">Sakarya<\/span><\/span><\/p>\n<ul data-start=\"1781\" data-end=\"1884\">\n<li data-start=\"1781\" data-end=\"1806\">\n<p data-start=\"1783\" data-end=\"1806\">Vols officiels de certification<\/p>\n<\/li>\n<li data-start=\"1807\" data-end=\"1838\">\n<p data-start=\"1809\" data-end=\"1838\">Minimum 10-12 vols de contr\u00f4le<\/p>\n<\/li>\n<li data-start=\"1839\" data-end=\"1884\">\n<p data-start=\"1841\" data-end=\"1884\">\u00c9valuation des comp\u00e9tences au d\u00e9collage et \u00e0 l&rsquo;atterrissage<\/p>\n<\/li>\n<\/ul>\n<p data-start=\"1886\" data-end=\"1944\">Les stagiaires qui r\u00e9ussissent obtiennent leur licence.<\/p>\n<hr data-start=\"1946\" data-end=\"1949\">\n<h2 data-start=\"1951\" data-end=\"1976\">\u2705 Inclus dans le prix<\/h2>\n<p data-start=\"1978\" data-end=\"2095\">\u2714 Tout le processus de formation<br data-start=\"1997\" data-end=\"2000\">\u2714 Soutien de l&rsquo;instructeur<br data-start=\"2017\" data-end=\"2020\">\u2714 Location d&rsquo;\u00e9quipement de vol<br data-start=\"2044\" data-end=\"2047\">\u2714 Vols de certification<br data-start=\"2072\" data-end=\"2075\">\u2714 Proc\u00e9dures de licence<\/p>\n<hr data-start=\"2097\" data-end=\"2100\">\n<h2 data-start=\"2102\" data-end=\"2130\">\u274c Non inclus dans le prix<\/h2>\n<ul data-start=\"2132\" data-end=\"2172\">\n<li data-start=\"2132\" data-end=\"2145\">\n<p data-start=\"2134\" data-end=\"2145\">H\u00e9bergement<\/p>\n<\/li>\n<li data-start=\"2146\" data-end=\"2161\">\n<p data-start=\"2148\" data-end=\"2161\">Repas et boissons<\/p>\n<\/li>\n<li data-start=\"2162\" data-end=\"2172\">\n<p data-start=\"2164\" data-end=\"2172\">Transport<\/p>\n<\/li>\n<\/ul>\n<hr data-start=\"2174\" data-end=\"2177\">\n<h2 data-start=\"2179\" data-end=\"2204\">\ud83c\udfaf Qui peut participer ?<\/h2>\n<ul data-start=\"2206\" data-end=\"2315\">\n<li data-start=\"2206\" data-end=\"2225\">\n<p data-start=\"2208\" data-end=\"2225\">18 ans et plus<\/p>\n<\/li>\n<li data-start=\"2226\" data-end=\"2272\">\n<p data-start=\"2228\" data-end=\"2272\">Toute personne n&rsquo;ayant pas de contre-indication physique au vol<\/p>\n<\/li>\n<li data-start=\"2273\" data-end=\"2315\">\n<p data-start=\"2275\" data-end=\"2315\">Toute personne int\u00e9ress\u00e9e par l&rsquo;aventure et l&rsquo;aviation<\/p>\n<\/li>\n<\/ul>\n<p data-start=\"2478\" data-end=\"2508\">\n","protected":false},"excerpt":{"rendered":"<p data-start=\"90\" data-end=\"370\">La <strong data-start=\"90\" data-end=\"145\">Formation Initiale de Parapente \u00e0 U\u00e7makdere, Tekirda\u011f<\/strong> est un programme de pilotage complet, de la formation th\u00e9orique aux vols de certification. Elle comprend 1 jour de th\u00e9orie (en ligne ou en pr\u00e9sentiel), 1-2 jours de formation au sol, 4 jours de formation en vol (10-12 vols) et 2 jours de vols de certification \u00e0 Sakarya. <\/p>\n<p data-start=\"372\" data-end=\"431\">Toute la location d&rsquo;\u00e9quipement et les proc\u00e9dures de licence sont incluses dans le prix.<\/p>\n<p data-start=\"433\" data-end=\"475\">L&rsquo;h\u00e9bergement, le transport et les repas ne sont pas inclus.<\/p>\n<p data-start=\"477\" data-end=\"585\" data-is-last-node=\"\" data-is-only-node=\"\">Atteins le niveau o\u00f9 tu peux d\u00e9coller et atterrir en toute s\u00e9curit\u00e9 par toi-m\u00eame et fais un pas professionnel vers le ciel. \ud83e\ude82<\/p>\n","protected":false},"featured_media":6005,"comment_status":"closed","ping_status":"closed","template":"","meta":{"site-sidebar-layout":"default","site-content-layout":"","ast-site-content-layout":"default","site-content-style":"default","site-sidebar-style":"default","ast-global-header-display":"","ast-banner-title-visibility":"","ast-main-header-display":"","ast-hfb-above-header-display":"","ast-hfb-below-header-display":"","ast-hfb-mobile-header-display":"","site-post-title":"","ast-breadcrumbs-content":"","ast-featured-img":"","footer-sml-layout":"","ast-disable-related-posts":"","theme-transparent-header-meta":"default","adv-header-id-meta":"","stick-header-meta":"default","header-above-stick-meta":"","header-main-stick-meta":"","header-below-stick-meta":"","astra-migrate-meta-layouts":"default","ast-page-background-enabled":"default","ast-page-background-meta":{"desktop":{"background-color":"var(--ast-global-color-5)","background-image":"","background-repeat":"repeat","background-position":"center center","background-size":"auto","background-attachment":"scroll","background-type":"","background-media":"","overlay-type":"","overlay-color":"","overlay-opacity":"","overlay-gradient":""},"tablet":{"background-color":"","background-image":"","background-repeat":"repeat","background-position":"center center","background-size":"auto","background-attachment":"scroll","background-type":"","background-media":"","overlay-type":"","overlay-color":"","overlay-opacity":"","overlay-gradient":""},"mobile":{"background-color":"","background-image":"","background-repeat":"repeat","background-position":"center center","background-size":"auto","background-attachment":"scroll","background-type":"","background-media":"","overlay-type":"","overlay-color":"","overlay-opacity":"","overlay-gradient":""}},"ast-content-background-meta":{"desktop":{"background-color":"var(--ast-global-color-4)","background-image":"","background-repeat":"repeat","background-position":"center center","background-size":"auto","background-attachment":"scroll","background-type":"","background-media":"","overlay-type":"","overlay-color":"","overlay-opacity":"","overlay-gradient":""},"tablet":{"background-color":"var(--ast-global-color-4)","background-image":"","background-repeat":"repeat","background-position":"center center","background-size":"auto","background-attachment":"scroll","background-type":"","background-media":"","overlay-type":"","overlay-color":"","overlay-opacity":"","overlay-gradient":""},"mobile":{"background-color":"var(--ast-global-color-4)","background-image":"","background-repeat":"repeat","background-position":"center center","background-size":"auto","background-attachment":"scroll","background-type":"","background-media":"","overlay-type":"","overlay-color":"","overlay-opacity":"","overlay-gradient":""}}},"product_brand":[],"product_cat":[406],"product_tag":[2866,2870,2872,2868,2865,2874,2867,2873,2871,2875,2876,2869],"class_list":{"0":"post-8969","1":"product","2":"type-product","3":"status-publish","4":"has-post-thumbnail","6":"product_cat-non-classe","7":"product_tag-cours-de-parapente-tekirdag","8":"product_tag-formation-au-sol-corlu","9":"product_tag-formation-au-vol-solo","10":"product_tag-formation-de-licence-de-parapente","11":"product_tag-formation-de-parapente-ucmakdere","12":"product_tag-formation-de-pilote-professionnel","13":"product_tag-formation-initiale-de-parapente","14":"product_tag-location-dequipement-de-parapente","15":"product_tag-parapente-deregunduzlu","16":"product_tag-prix-des-cours-de-parapente","17":"product_tag-programme-de-certification-de-parapente","18":"product_tag-vol-de-certification-sakarya","19":"desktop-align-left","20":"tablet-align-left","21":"mobile-align-left","23":"first","24":"instock","25":"taxable","26":"shipping-taxable","27":"purchasable","28":"product-type-simple"},"acf":[],"_links":{"self":[{"href":"https:\/\/modextrem.com\/fr\/wp-json\/wp\/v2\/product\/8969","targetHints":{"allow":["GET"]}}],"collection":[{"href":"https:\/\/modextrem.com\/fr\/wp-json\/wp\/v2\/product"}],"about":[{"href":"https:\/\/modextrem.com\/fr\/wp-json\/wp\/v2\/types\/product"}],"replies":[{"embeddable":true,"href":"https:\/\/modextrem.com\/fr\/wp-json\/wp\/v2\/comments?post=8969"}],"wp:featuredmedia":[{"embeddable":true,"href":"https:\/\/modextrem.com\/fr\/wp-json\/wp\/v2\/media\/6005"}],"wp:attachment":[{"href":"https:\/\/modextrem.com\/fr\/wp-json\/wp\/v2\/media?parent=8969"}],"wp:term":[{"taxonomy":"product_brand","embeddable":true,"href":"https:\/\/modextrem.com\/fr\/wp-json\/wp\/v2\/product_brand?post=8969"},{"taxonomy":"product_cat","embeddable":true,"href":"https:\/\/modextrem.com\/fr\/wp-json\/wp\/v2\/product_cat?post=8969"},{"taxonomy":"product_tag","embeddable":true,"href":"https:\/\/modextrem.com\/fr\/wp-json\/wp\/v2\/product_tag?post=8969"}],"curies":[{"name":"wp","href":"https:\/\/api.w.org\/{rel}","templated":true}]}}